{"id":2618,"date":"2019-01-12T20:10:37","date_gmt":"2019-01-12T18:10:37","guid":{"rendered":"http:\/\/hermasa.com\/productos\/paila-de-elaboracion-de-salsas\/"},"modified":"2019-03-11T18:04:06","modified_gmt":"2019-03-11T16:04:06","slug":"marmite-pour-lelaboration-des-sauces","status":"publish","type":"product","link":"https:\/\/hermasa.com\/fr\/productos\/marmite-pour-lelaboration-des-sauces\/","title":{"rendered":"Marmite pour l&rsquo;\u00e9laboration des sauces"},"content":{"rendered":"<div class=\"wpb-content-wrapper\">[vc_row][vc_column][vc_column_text css=\u00a0\u00bb.vc_custom_1551716551311{margin-bottom: 0px !important;}\u00a0\u00bb]<strong>Construction en acier inoxydable AISI-304<\/strong>. \u00c9quip\u00e9e d\u2019un agiteur lat\u00e9ral et contr\u00f4le de la temp\u00e9rature par vapeur indirecte.<\/p>\n<p>Fournie avec le certificat CE.<\/p>\n<p><strong>Machine \u00e9nerg\u00e9tiquement efficiente<\/strong> :<\/p>\n<ul>\n<li><strong>Pompe centrifuge \u00e0 rouleau ouvert<\/strong> pour le transfert du produit.<\/li>\n<li><strong>Dot\u00e9e d\u2019une purgeur<\/strong> pour la r\u00e9cup\u00e9ration des condensats.<\/li>\n<li><strong>Contr\u00f4le automatique de la temp\u00e9rature<\/strong> et vanne modul\u00e9e d\u2019entr\u00e9e de vapeur.<\/li>\n<\/ul>\n<p>De mani\u00e8re facultative, il est possible de la fournir avec un r\u00e9servoir d\u2019accumulation avec temp\u00e9rature et syst\u00e8me d&rsquo;agitation pour maintenir les sauces homog\u00e8nes.[\/vc_column_text][\/vc_column][\/vc_row][vc_row el_class=\u00a0\u00bbcta\u00a0\u00bb][vc_column][mk_custom_sidebar sidebar=\u00a0\u00bbsidebar-9&Prime;][\/vc_column][\/vc_row]\n<\/div>","protected":false},"excerpt":{"rendered":"<p>\u00c9quipement pour l\u2019\u00e9laboration de tout type de sauces, disponible avec un r\u00e9servoir d\u2019accumulation optionnel.<\/p>\n","protected":false},"featured_media":1726,"template":"","meta":[],"product_brand":[],"product_cat":[64,73],"product_tag":[],"class_list":{"0":"post-2618","1":"product","2":"type-product","3":"status-publish","4":"has-post-thumbnail","6":"product_cat-autres-produits","7":"product_cat-procesos-fr","9":"first","10":"instock","11":"downloadable","12":"shipping-taxable","13":"product-type-simple"},"_links":{"self":[{"href":"https:\/\/hermasa.com\/fr\/wp-json\/wp\/v2\/product\/2618","targetHints":{"allow":["GET"]}}],"collection":[{"href":"https:\/\/hermasa.com\/fr\/wp-json\/wp\/v2\/product"}],"about":[{"href":"https:\/\/hermasa.com\/fr\/wp-json\/wp\/v2\/types\/product"}],"wp:featuredmedia":[{"embeddable":true,"href":"https:\/\/hermasa.com\/fr\/wp-json\/wp\/v2\/media\/1726"}],"wp:attachment":[{"href":"https:\/\/hermasa.com\/fr\/wp-json\/wp\/v2\/media?parent=2618"}],"wp:term":[{"taxonomy":"product_brand","embeddable":true,"href":"https:\/\/hermasa.com\/fr\/wp-json\/wp\/v2\/product_brand?post=2618"},{"taxonomy":"product_cat","embeddable":true,"href":"https:\/\/hermasa.com\/fr\/wp-json\/wp\/v2\/product_cat?post=2618"},{"taxonomy":"product_tag","embeddable":true,"href":"https:\/\/hermasa.com\/fr\/wp-json\/wp\/v2\/product_tag?post=2618"}],"curies":[{"name":"wp","href":"https:\/\/api.w.org\/{rel}","templated":true}]}}