{"id":2507,"date":"2018-07-31T19:54:07","date_gmt":"2018-07-31T17:54:07","guid":{"rendered":"http:\/\/hermasa.com\/productos\/cocedor-continuo\/"},"modified":"2019-06-10T19:54:17","modified_gmt":"2019-06-10T17:54:17","slug":"cuiseur-continu","status":"publish","type":"product","link":"https:\/\/hermasa.com\/fr\/productos\/cuiseur-continu\/","title":{"rendered":"Cuiseur continu"},"content":{"rendered":"<div class=\"wpb-content-wrapper\">[vc_row][vc_column][vc_column_text css=\u00a0\u00bb.vc_custom_1551725226570{margin-bottom: 0px !important;}\u00a0\u00bb]<strong>Cette machine poss\u00e8de sa principale caract\u00e9ristique dans la cuisson du poisson d\u00e9j\u00e0 empaquet\u00e9, avec la bo\u00eete t\u00eate en bas,<\/strong> permettant ainsi l\u2019\u00e9gouttage de la graisse et de l\u2019eau durant le processus de cuisson, et le s\u00e9chage du poisson et de la bo\u00eete, obtenant un produit final de meilleure qualit\u00e9, pr\u00e9sence et saveur.<\/p>\n<p>Dans ce cuiseur, les bo\u00eetes sont charg\u00e9es sur des grilles, et celles-ci sont introduites manuellement dans le cuiseur continu.<\/p>\n<p><strong>Disponible en plusieurs tailles<\/strong> suivant la production requise.<\/p>\n<p><strong>Tr\u00e8s versatile<\/strong> \u00e9tant donn\u00e9 qu\u2019il admet tout type de format, pouvant m\u00eame cuire du poisson sur les grilles.<\/p>\n<p><strong>Peut disposer ou non d\u2019une zone de s\u00e9chage<\/strong>, selon le type de produit \u00e0 fabriquer.<\/p>\n<p>\u00c9quip\u00e9 avec des s\u00e9lecteurs de temp\u00e9rature ind\u00e9pendants pour zone de cuisson et de s\u00e9chage, avec des enregistreurs graphiques et des sondes de temp\u00e9rature.<\/p>\n<p>Machine \u00e9nergiquement efficiente :<\/p>\n<ul>\n<li><strong>Dot\u00e9e de serpentin ferm\u00e9<\/strong> dans la zone de s\u00e9chage et purgeur pour la r\u00e9cup\u00e9ration des condensats.<\/li>\n<li><strong>Contr\u00f4le automatique de temp\u00e9ratures<\/strong> et vannes modul\u00e9es d\u2019entr\u00e9e de vapeur.<\/li>\n<\/ul>\n<p><strong>R\u00e9cup\u00e9ration des huiles et des graisses<\/strong> g\u00e9n\u00e9r\u00e9es durant la cuisson en un seul point, pour qu\u2019elles puissent \u00eatre exploit\u00e9es dans des usages ult\u00e9rieurs.<\/p>\n<p>Fabriqu\u00e9 en acier inoxydable AISI-304.<\/p>\n<p>Fourni avec certificat CE[\/vc_column_text][\/vc_column][\/vc_row][vc_row fullwidth=\u00a0\u00bbtrue\u00a0\u00bb column_padding=\u00a0\u00bb2&Prime; css=\u00a0\u00bb.vc_custom_1535650553501{padding-right: 10% !important;padding-left: 10% !important;}\u00a0\u00bb][vc_column]<!-- The Grid Plugin Version 2.8.0 --><!-- The Grid Wrapper Start --><div class=\"tg-grid-wrapper tg-txt full-height\" id=\"grid-609\" data-version=\"2.8.0\"><!-- The Grid Styles --><style class=\"tg-grid-styles\" type=\"text\/css\">#grid-609 .tg-nav-color:not(.dots):not(.tg-dropdown-value):not(.tg-dropdown-title):hover,#grid-609 .tg-nav-color:hover .tg-nav-color,#grid-609 .tg-page-number.tg-page-current,#grid-609 .tg-filter.tg-filter-active span{color:#ff6863}#grid-609 .tg-filter:before,#grid-609 .tg-filter.tg-filter-active:before{color:#999999}#grid-609 .tg-dropdown-holder,#grid-609 .tg-search-inner,#grid-609 .tg-sorter-order{border:1px solid #DDDDDD}#grid-609 .tg-search-clear,#grid-609 .tg-search-clear:hover{border:none;border-left:1px solid #DDDDDD}.tg-txt .tg-nav-font,.tg-txt input[type=text].tg-search{font-size:14px;font-weight:600}.tg-txt .tg-search::-webkit-input-placeholder{font-size:14px}.tg-txt .tg-search::-moz-placeholder{font-size:14px}.tg-txt .tg-search:-ms-input-placeholder{font-size:14px}.tg-txt .tg-icon-left-arrow:before{content:\"\\e604\";font-size:32px;font-weight:100}.tg-txt .tg-icon-right-arrow:before{content:\"\\e602\";font-size:32px;font-weight:100}.tg-txt .tg-icon-dropdown-open:before,.tg-txt .tg-icon-sorter-down:before{content:\"\\e60a\"}.tg-txt .tg-icon-sorter-up:before{content:\"\\e609\"}.tg-txt .tg-search-clear:before{content:\"\\e611\";font-weight:300}.tg-txt .tg-search-icon:before{content:\"\\e62e\";font-size:16px;font-weight:600}#grid-609 .tg-nav-color,#grid-609 .tg-search-icon:hover:before,#grid-609 .tg-search-icon:hover input,#grid-609 .tg-disabled:hover .tg-icon-left-arrow,#grid-609 .tg-disabled:hover .tg-icon-right-arrow,#grid-609 .tg-dropdown-title.tg-nav-color:hover{color:#999999}#grid-609 input.tg-search:hover{color:#999999 !important}#grid-609 input.tg-search::-webkit-input-placeholder{color:#999999}#grid-609 input.tg-search::-moz-placeholder{color:#999999;opacity:1}#grid-609 input.tg-search:-ms-input-placeholder{color:#999999}.grid-609 .tg-dropdown-item{color:#777777;background:#ffffff}.grid-609 .tg-filter-active,.grid-609 .tg-dropdown-item:hover{color:#444444;background:#f5f6fa}#grid-609 .tg-slider-bullets li.tg-active-item span{background:#59585b}#grid-609 .tg-slider-bullets li span{background:#DDDDDD}.apia a,.apia a:active,.apia a:focus,.apia .tg-item-overlay{text-decoration:none;border:none;-webkit-box-shadow:none;box-shadow:none;-webkit-transition:opacity 0.25s ease,color 0.25s ease,-webkit-transform 0.3s ease-in-out;-moz-transition:opacity 0.25s ease,color 0.25s ease,-moz-transform 0.3s ease-in-out;-ms-transition:opacity 0.25s ease,color 0.25s ease,-ms-transform 0.3s ease-in-out;-o-transition:opacity 0.25s ease,color 0.25s ease,-o-transform 0.3s ease-in-out;transition:opacity 0.25s ease,color 0.25s ease,transform 0.3s ease-in-out}.apia .tg-item-overlay{position:absolute;display:block;top:0;left:0;width:100%;height:100%;opacity:0;text-align:center}.apia .tg-media-button{position:absolute;display:block;top:0;left:0;width:100%;height:100%;cursor:pointer;opacity:0}.apia .tg-media-button i{position:absolute;display:inline-block;top:50%;margin:-20px 0 0 0;width:100%;height:40px;line-height:40px;font-size:40px;text-align:center}.apia:not(.tg-force-play):not(.tg-is-playing):hover:hover .tg-item-overlay,.apia:not(.tg-force-play):not(.tg-is-playing):hover:hover .tg-item-media-button{opacity:1}.apia:not(.tg-force-play):not(.tg-is-playing):hover .tg-media-button:hover{opacity:0.75}.apia.tg-force-play .tg-media-button,.apia.tg-is-playing .tg-media-button{opacity:0;visibility:hidden}.tg-item .tg-dark div,.tg-item .tg-dark h1,.tg-item .tg-dark h1 a,.tg-item .tg-dark h2,.tg-item .tg-dark h2 a,.tg-item .tg-dark h3,.tg-item .tg-dark h3 a,.tg-item .tg-dark h4,.tg-item .tg-dark h4 a,.tg-item .tg-dark h5,.tg-item .tg-dark h5 a,.tg-item .tg-dark h6,.tg-item .tg-dark h6 a,.tg-item .tg-dark a,.tg-item .tg-dark a.tg-link-url,.tg-item .tg-dark i,.tg-item .tg-dark .tg-media-button,.tg-item .tg-dark .tg-item-price span{color:#444444;fill:#444444;stroke:#444444;border-color:#444444}.tg-item .tg-dark p,.tg-item .tg-dark ol,.tg-item .tg-dark ul,.tg-item .tg-dark li{color:#777777;fill:#777777;stroke:#777777;border-color:#777777}.tg-item .tg-dark span,.tg-item .tg-dark .no-liked .to-heart-icon path,.tg-item .tg-dark .empty-heart .to-heart-icon path,.tg-item .tg-dark .tg-item-comment i,.tg-item .tg-dark .tg-item-price del span{color:#999999;fill:#999999;stroke:#999999;border-color:#999999}.tg-item .tg-light div,.tg-item .tg-light h1,.tg-item .tg-light h1 a,.tg-item .tg-light h2,.tg-item .tg-light h2 a,.tg-item .tg-light h3,.tg-item .tg-light h3 a,.tg-item .tg-light h4,.tg-item .tg-light h4 a,.tg-item .tg-light h5,.tg-item .tg-light h5 a,.tg-item .tg-light h6,.tg-item .tg-light h6 a,.tg-item .tg-light a,.tg-item .tg-light a.tg-link-url,.tg-item .tg-light i,.tg-item .tg-light .tg-media-button,.tg-item .tg-light .tg-item-price span{color:#ffffff;fill:#ffffff;stroke:#ffffff;border-color:#ffffff}.tg-item .tg-light p,.tg-item .tg-light ol,.tg-item .tg-light ul,.tg-item .tg-light li{color:#f6f6f6;fill:#f6f6f6;stroke:#f6f6f6;border-color:#f6f6f6}.tg-item .tg-light span,.tg-item .tg-light .no-liked .to-heart-icon path,.tg-item .tg-light .empty-heart .to-heart-icon path,.tg-item .tg-light .tg-item-comment i,.tg-item .tg-light .tg-item-price del span{color:#f5f5f5;fill:#f5f5f5;stroke:#f5f5f5;border-color:#f5f5f5}#grid-609 .tg-item-content-holder{background-color:#ffffff}#grid-609 .tg-item-overlay{background-color:rgba(22,22,22,0.65)}<\/style><!-- The Grid Item Sizer --><div class=\"tg-grid-sizer\"><\/div><!-- The Grid Gutter Sizer --><div class=\"tg-gutter-sizer\"><\/div><!-- The Grid Items Holder --><div class=\"tg-grid-holder tg-layout-grid\"  data-name=\"Cocedor continuo\"  data-style=\"grid\" data-row=\"1\" data-layout=\"vertical\" data-rtl=\"\" data-fitrows=\"\" data-filtercomb=\"\" data-filterlogic=\"AND\" data-filterload =\"\" data-sortbyload =\"\" data-orderload =\"false\" data-fullwidth=\"\" data-fullheight=\"null\" data-gutters=\"[[320,0],[480,0],[768,0],[980,0],[1200,0],[9999,0]]\" data-slider='{\"itemNav\":\"null\",\"swingSpeed\":0.1,\"cycleBy\":\"null\",\"cycle\":5000,\"startAt\":1}' data-ratio=\"1.33\" data-cols=\"[[320,1],[480,1],[768,2],[980,2],[1200,2],[9999,2]]\" data-rows=\"[[320,200],[480,200],[768,220],[980,220],[1200,240],[9999,240]]\" data-animation='{&quot;name&quot;:&quot;Fade in&quot;,&quot;visible&quot;:&quot;&quot;,&quot;hidden&quot;:&quot;&quot;}' data-transition=\"700ms\" data-ajaxmethod=\"load_more\" data-ajaxdelay=\"100\" data-preloader=\"\" data-itemdelay=\"100\" data-gallery=\"\" data-ajax=\"\"><!-- The Grid item #1 --><article class=\"tg-item tg-post-1732 apia\" data-row=\"1\" data-col=\"1\"><div class=\"tg-item-inner\"><div class=\"tg-item-media-holder tg-light\"><div class=\"tg-item-media-inner\"><div class=\"tg-item-image\" style=\"background-image: url(https:\/\/hermasa.com\/wp-content\/uploads\/2018\/07\/hermasa-continuous-cooker-01.jpg)\"><\/div><\/div><div class=\"tg-item-overlay\"><\/div><a id=\"tolb-6091732\" class=\"tg-media-button\" data-tolb-src=\"https:\/\/hermasa.com\/wp-content\/uploads\/2018\/07\/hermasa-continuous-cooker-01.jpg\" data-tolb-type=\"image\" data-tolb-alt=\"Hermasa-continuous-cooker-01\"><i class=\"tg-icon-add\"><\/i><\/a><\/div><\/div><\/article><!-- The Grid item #2 --><article class=\"tg-item tg-post-1730 apia\" data-row=\"1\" data-col=\"1\"><div class=\"tg-item-inner\"><div class=\"tg-item-media-holder tg-light\"><div class=\"tg-item-media-inner\"><div class=\"tg-item-image\" style=\"background-image: url(https:\/\/hermasa.com\/wp-content\/uploads\/2018\/07\/hermasa-continuous-cooker-00.jpg)\"><\/div><\/div><div class=\"tg-item-overlay\"><\/div><a id=\"tolb-6091730\" class=\"tg-media-button\" data-tolb-src=\"https:\/\/hermasa.com\/wp-content\/uploads\/2018\/07\/hermasa-continuous-cooker-00.jpg\" data-tolb-type=\"image\" data-tolb-alt=\"Hermasa | Continuous cooker\"><i class=\"tg-icon-add\"><\/i><\/a><\/div><\/div><\/article><\/div><\/div><!-- The Grid Wrapper End -->[\/vc_column][\/vc_row][vc_row fullwidth=\u00a0\u00bbtrue\u00a0\u00bb css=\u00a0\u00bb.vc_custom_1535650587634{padding-top: 50px !important;padding-right: 10% !important;padding-left: 10% !important;}\u00a0\u00bb][vc_column][vc_video link=\u00a0\u00bbhttps:\/\/youtu.be\/ooZYDRf5VCE\u00a0\u00bb][\/vc_column][\/vc_row][vc_row el_class=\u00a0\u00bbcta\u00a0\u00bb][vc_column][mk_custom_sidebar sidebar=\u00a0\u00bbsidebar-9&Prime;][\/vc_column][\/vc_row]\n<\/div>","protected":false},"excerpt":{"rendered":"<p>Machine con\u00e7ue pour la cuisson, et le s\u00e9chage le cas \u00e9ch\u00e9ant, du poisson d\u00e9j\u00e0 empaquet\u00e9 dans des bo\u00eetes.<\/p>\n","protected":false},"featured_media":1730,"template":"","meta":[],"product_brand":[],"product_cat":[62,64],"product_tag":[],"class_list":{"0":"post-2507","1":"product","2":"type-product","3":"status-publish","4":"has-post-thumbnail","6":"product_cat-machines-pour-sardines","7":"product_cat-autres-produits","9":"first","10":"instock","11":"downloadable","12":"virtual","13":"product-type-simple"},"_links":{"self":[{"href":"https:\/\/hermasa.com\/fr\/wp-json\/wp\/v2\/product\/2507","targetHints":{"allow":["GET"]}}],"collection":[{"href":"https:\/\/hermasa.com\/fr\/wp-json\/wp\/v2\/product"}],"about":[{"href":"https:\/\/hermasa.com\/fr\/wp-json\/wp\/v2\/types\/product"}],"wp:featuredmedia":[{"embeddable":true,"href":"https:\/\/hermasa.com\/fr\/wp-json\/wp\/v2\/media\/1730"}],"wp:attachment":[{"href":"https:\/\/hermasa.com\/fr\/wp-json\/wp\/v2\/media?parent=2507"}],"wp:term":[{"taxonomy":"product_brand","embeddable":true,"href":"https:\/\/hermasa.com\/fr\/wp-json\/wp\/v2\/product_brand?post=2507"},{"taxonomy":"product_cat","embeddable":true,"href":"https:\/\/hermasa.com\/fr\/wp-json\/wp\/v2\/product_cat?post=2507"},{"taxonomy":"product_tag","embeddable":true,"href":"https:\/\/hermasa.com\/fr\/wp-json\/wp\/v2\/product_tag?post=2507"}],"curies":[{"name":"wp","href":"https:\/\/api.w.org\/{rel}","templated":true}]}}