{"id":2400,"date":"2019-01-31T19:39:50","date_gmt":"2019-01-31T17:39:50","guid":{"rendered":"http:\/\/hermasa.com\/productos\/fish-block-maker\/"},"modified":"2019-03-11T18:04:02","modified_gmt":"2019-03-11T16:04:02","slug":"fish-block-maker","status":"publish","type":"product","link":"https:\/\/hermasa.com\/fr\/productos\/fish-block-maker\/","title":{"rendered":"Fish Block Maker\u00ae"},"content":{"rendered":"<div class=\"wpb-content-wrapper\">[vc_row][vc_column][vc_column_text css=\u00a0\u00bb.vc_custom_1551699093089{margin-bottom: 0px !important;}\u00a0\u00bb]<strong>Le poisson est plac\u00e9 dans des convoyeurs<\/strong> et, par le biais d\u2019un syst\u00e8me de transfert con\u00e7u et brevet\u00e9 par Hermasa, on proc\u00e8de \u00e0 l\u2019emplissage de moules qui ont pr\u00e9alablement \u00e9t\u00e9 introduits dans les sachets plastique qui passeront ult\u00e9rieurement \u00e0 leur vide, \u00e9tanch\u00e9isation et cong\u00e9lation.<\/p>\n<p><strong>Versatile<\/strong>, puisqu\u00b4elle s\u00b4adapte \u00e0 diff\u00e9rents types de blocs.<\/p>\n<p><strong>R\u00e9duction consid\u00e9rable de la main d\u2019\u0153uvre<\/strong>, augmentation de la productivit\u00e9, pr\u00e9cision du poids et meilleure qualit\u00e9 du produit final, puisque les miettes\u00a0 g\u00e9n\u00e9r\u00e9es sont \u00a0pratiquement inexistantes.<\/p>\n<p><strong>G\u00e9n\u00e9ration de blocs homog\u00e8nes<\/strong>, ce qui facilite la cong\u00e9lation, meilleur arrimage ou plus grande capacit\u00e9 de charge par conteneur (suivant les limitations administratives) et un processus de d\u00e9cong\u00e9lation plus homog\u00e8ne.<\/p>\n<p>Fabriqu\u00e9e en acier inoxydable AISI-304.<\/p>\n<p>Fournie avec certificat CE.[\/vc_column_text][\/vc_column][\/vc_row][vc_row el_class=\u00a0\u00bbcta\u00a0\u00bb][vc_column][mk_custom_sidebar sidebar=\u00a0\u00bbsidebar-9&Prime;][\/vc_column][\/vc_row]\n<\/div>","protected":false},"excerpt":{"rendered":"<p>Con\u00e7ue pour la formation de blocs de poissons et leur post\u00e9rieur ensachage, de mani\u00e8re semi-automatique, avec une production \u00e9lev\u00e9e.<\/p>\n","protected":false},"featured_media":2094,"template":"","meta":[],"product_brand":[],"product_cat":[61,64],"product_tag":[],"class_list":{"0":"post-2400","1":"product","2":"type-product","3":"status-publish","4":"has-post-thumbnail","6":"product_cat-machines-pour-le-thon","7":"product_cat-autres-produits","9":"first","10":"instock","11":"downloadable","12":"virtual","13":"product-type-simple"},"_links":{"self":[{"href":"https:\/\/hermasa.com\/fr\/wp-json\/wp\/v2\/product\/2400","targetHints":{"allow":["GET"]}}],"collection":[{"href":"https:\/\/hermasa.com\/fr\/wp-json\/wp\/v2\/product"}],"about":[{"href":"https:\/\/hermasa.com\/fr\/wp-json\/wp\/v2\/types\/product"}],"wp:featuredmedia":[{"embeddable":true,"href":"https:\/\/hermasa.com\/fr\/wp-json\/wp\/v2\/media\/2094"}],"wp:attachment":[{"href":"https:\/\/hermasa.com\/fr\/wp-json\/wp\/v2\/media?parent=2400"}],"wp:term":[{"taxonomy":"product_brand","embeddable":true,"href":"https:\/\/hermasa.com\/fr\/wp-json\/wp\/v2\/product_brand?post=2400"},{"taxonomy":"product_cat","embeddable":true,"href":"https:\/\/hermasa.com\/fr\/wp-json\/wp\/v2\/product_cat?post=2400"},{"taxonomy":"product_tag","embeddable":true,"href":"https:\/\/hermasa.com\/fr\/wp-json\/wp\/v2\/product_tag?post=2400"}],"curies":[{"name":"wp","href":"https:\/\/api.w.org\/{rel}","templated":true}]}}