{"id":2392,"date":"2019-01-28T19:51:52","date_gmt":"2019-01-28T17:51:52","guid":{"rendered":"http:\/\/hermasa.com\/productos\/empacadora-automatica-de-sardinas-flash-pack\/"},"modified":"2021-05-05T20:03:58","modified_gmt":"2021-05-05T18:03:58","slug":"empaqueteuse-automatique-de-sardines-flash-pack","status":"publish","type":"product","link":"https:\/\/hermasa.com\/fr\/productos\/empaqueteuse-automatique-de-sardines-flash-pack\/","title":{"rendered":"Empaqueteuse automatique de sardines Flash-Pack\u00ae"},"content":{"rendered":"<div class=\"wpb-content-wrapper\">[vc_row][vc_column][vc_column_text css=\u00a0\u00bb.vc_custom_1551110610362{margin-bottom: 0px !important;}\u00a0\u00bb]<strong>Disponible pour diff\u00e9rents formats,<\/strong> elle atteint des vitesses de 200 bo\u00eetes\/minute (selon taille de poisson et format) avec 14\/16 op\u00e9rateurs.<\/p>\n<p>La machine, une fois le poisson situ\u00e9 dans les godets con\u00e7us et brevet\u00e9s par Hermasa, coupe la t\u00eate et la queue du poisson moyennant des lames, r\u00e9alise l\u2019\u00e9visc\u00e9ration moyennant succion avec l\u2019installation d\u2019une pompe de vide, effectue le lavage et par le biais d\u2019un syst\u00e8me m\u00e9canique, transf\u00e8re le poisson jusqu\u2019\u00e0 la bo\u00eete, la laissant pr\u00eate pour sa cuisson.<\/p>\n<p><strong>Efficience d\u2019\u00e9visc\u00e9ration et rapidit\u00e9 maximum<\/strong> avec un nombre r\u00e9duit de personnel.<\/p>\n<p><strong>Selon exigences, on peut l\u2019\u00e9quiper avec des coupes suppl\u00e9mentaires<\/strong> pour l\u2019obtention de steaks ou m\u00eame l\u2019utiliser avec du poisson d\u00e9j\u00e0 \u00e9t\u00eat\u00e9 et \u00e9visc\u00e9r\u00e9 (uniquement avec empaqueteuse).<\/p>\n<p>Fabriqu\u00e9 en acier inoxydable AISI-304[\/vc_column_text][\/vc_column][\/vc_row][vc_row fullwidth=\u00a0\u00bbtrue\u00a0\u00bb column_padding=\u00a0\u00bb2&Prime; css=\u00a0\u00bb.vc_custom_1535650553501{padding-right: 10% !important;padding-left: 10% !important;}\u00a0\u00bb][vc_column]<!-- The Grid Plugin Version 2.8.0 --><!-- The Grid Wrapper Start --><div class=\"tg-grid-wrapper tg-txt full-height\" id=\"grid-933\" data-version=\"2.8.0\"><!-- The Grid Styles --><style class=\"tg-grid-styles\" type=\"text\/css\">#grid-933 .tg-nav-color:not(.dots):not(.tg-dropdown-value):not(.tg-dropdown-title):hover,#grid-933 .tg-nav-color:hover .tg-nav-color,#grid-933 .tg-page-number.tg-page-current,#grid-933 .tg-filter.tg-filter-active span{color:#ff6863}#grid-933 .tg-filter:before,#grid-933 .tg-filter.tg-filter-active:before{color:#999999}#grid-933 .tg-dropdown-holder,#grid-933 .tg-search-inner,#grid-933 .tg-sorter-order{border:1px solid #DDDDDD}#grid-933 .tg-search-clear,#grid-933 .tg-search-clear:hover{border:none;border-left:1px solid #DDDDDD}.tg-txt .tg-nav-font,.tg-txt input[type=text].tg-search{font-size:14px;font-weight:600}.tg-txt .tg-search::-webkit-input-placeholder{font-size:14px}.tg-txt .tg-search::-moz-placeholder{font-size:14px}.tg-txt .tg-search:-ms-input-placeholder{font-size:14px}.tg-txt .tg-icon-left-arrow:before{content:\"\\e604\";font-size:32px;font-weight:100}.tg-txt .tg-icon-right-arrow:before{content:\"\\e602\";font-size:32px;font-weight:100}.tg-txt .tg-icon-dropdown-open:before,.tg-txt .tg-icon-sorter-down:before{content:\"\\e60a\"}.tg-txt .tg-icon-sorter-up:before{content:\"\\e609\"}.tg-txt .tg-search-clear:before{content:\"\\e611\";font-weight:300}.tg-txt .tg-search-icon:before{content:\"\\e62e\";font-size:16px;font-weight:600}#grid-933 .tg-nav-color,#grid-933 .tg-search-icon:hover:before,#grid-933 .tg-search-icon:hover input,#grid-933 .tg-disabled:hover .tg-icon-left-arrow,#grid-933 .tg-disabled:hover .tg-icon-right-arrow,#grid-933 .tg-dropdown-title.tg-nav-color:hover{color:#999999}#grid-933 input.tg-search:hover{color:#999999 !important}#grid-933 input.tg-search::-webkit-input-placeholder{color:#999999}#grid-933 input.tg-search::-moz-placeholder{color:#999999;opacity:1}#grid-933 input.tg-search:-ms-input-placeholder{color:#999999}.grid-933 .tg-dropdown-item{color:#777777;background:#ffffff}.grid-933 .tg-filter-active,.grid-933 .tg-dropdown-item:hover{color:#444444;background:#f5f6fa}#grid-933 .tg-slider-bullets li.tg-active-item span{background:#59585b}#grid-933 .tg-slider-bullets li span{background:#DDDDDD}.apia a,.apia a:active,.apia a:focus,.apia .tg-item-overlay{text-decoration:none;border:none;-webkit-box-shadow:none;box-shadow:none;-webkit-transition:opacity 0.25s ease,color 0.25s ease,-webkit-transform 0.3s ease-in-out;-moz-transition:opacity 0.25s ease,color 0.25s ease,-moz-transform 0.3s ease-in-out;-ms-transition:opacity 0.25s ease,color 0.25s ease,-ms-transform 0.3s ease-in-out;-o-transition:opacity 0.25s ease,color 0.25s ease,-o-transform 0.3s ease-in-out;transition:opacity 0.25s ease,color 0.25s ease,transform 0.3s ease-in-out}.apia .tg-item-overlay{position:absolute;display:block;top:0;left:0;width:100%;height:100%;opacity:0;text-align:center}.apia .tg-media-button{position:absolute;display:block;top:0;left:0;width:100%;height:100%;cursor:pointer;opacity:0}.apia .tg-media-button i{position:absolute;display:inline-block;top:50%;margin:-20px 0 0 0;width:100%;height:40px;line-height:40px;font-size:40px;text-align:center}.apia:not(.tg-force-play):not(.tg-is-playing):hover:hover .tg-item-overlay,.apia:not(.tg-force-play):not(.tg-is-playing):hover:hover .tg-item-media-button{opacity:1}.apia:not(.tg-force-play):not(.tg-is-playing):hover .tg-media-button:hover{opacity:0.75}.apia.tg-force-play .tg-media-button,.apia.tg-is-playing .tg-media-button{opacity:0;visibility:hidden}.tg-item .tg-dark div,.tg-item .tg-dark h1,.tg-item .tg-dark h1 a,.tg-item .tg-dark h2,.tg-item .tg-dark h2 a,.tg-item .tg-dark h3,.tg-item .tg-dark h3 a,.tg-item .tg-dark h4,.tg-item .tg-dark h4 a,.tg-item .tg-dark h5,.tg-item .tg-dark h5 a,.tg-item .tg-dark h6,.tg-item .tg-dark h6 a,.tg-item .tg-dark a,.tg-item .tg-dark a.tg-link-url,.tg-item .tg-dark i,.tg-item .tg-dark .tg-media-button,.tg-item .tg-dark .tg-item-price span{color:#444444;fill:#444444;stroke:#444444;border-color:#444444}.tg-item .tg-dark p,.tg-item .tg-dark ol,.tg-item .tg-dark ul,.tg-item .tg-dark li{color:#777777;fill:#777777;stroke:#777777;border-color:#777777}.tg-item .tg-dark span,.tg-item .tg-dark .no-liked .to-heart-icon path,.tg-item .tg-dark .empty-heart .to-heart-icon path,.tg-item .tg-dark .tg-item-comment i,.tg-item .tg-dark .tg-item-price del span{color:#999999;fill:#999999;stroke:#999999;border-color:#999999}.tg-item .tg-light div,.tg-item .tg-light h1,.tg-item .tg-light h1 a,.tg-item .tg-light h2,.tg-item .tg-light h2 a,.tg-item .tg-light h3,.tg-item .tg-light h3 a,.tg-item .tg-light h4,.tg-item .tg-light h4 a,.tg-item .tg-light h5,.tg-item .tg-light h5 a,.tg-item .tg-light h6,.tg-item .tg-light h6 a,.tg-item .tg-light a,.tg-item .tg-light a.tg-link-url,.tg-item .tg-light i,.tg-item .tg-light .tg-media-button,.tg-item .tg-light .tg-item-price span{color:#ffffff;fill:#ffffff;stroke:#ffffff;border-color:#ffffff}.tg-item .tg-light p,.tg-item .tg-light ol,.tg-item .tg-light ul,.tg-item .tg-light li{color:#f6f6f6;fill:#f6f6f6;stroke:#f6f6f6;border-color:#f6f6f6}.tg-item .tg-light span,.tg-item .tg-light .no-liked .to-heart-icon path,.tg-item .tg-light .empty-heart .to-heart-icon path,.tg-item .tg-light .tg-item-comment i,.tg-item .tg-light .tg-item-price del span{color:#f5f5f5;fill:#f5f5f5;stroke:#f5f5f5;border-color:#f5f5f5}#grid-933 .tg-item-content-holder{background-color:#ffffff}#grid-933 .tg-item-overlay{background-color:rgba(22,22,22,0.65)}<\/style><!-- The Grid Item Sizer --><div class=\"tg-grid-sizer\"><\/div><!-- The Grid Gutter Sizer --><div class=\"tg-gutter-sizer\"><\/div><!-- The Grid Items Holder --><div class=\"tg-grid-holder tg-layout-grid\"  data-name=\"Flash-Pack\"  data-style=\"grid\" data-row=\"1\" data-layout=\"vertical\" data-rtl=\"\" data-fitrows=\"\" data-filtercomb=\"\" data-filterlogic=\"AND\" data-filterload =\"\" data-sortbyload =\"\" data-orderload =\"false\" data-fullwidth=\"\" data-fullheight=\"null\" data-gutters=\"[[320,0],[480,0],[768,0],[980,0],[1200,0],[9999,0]]\" data-slider='{\"itemNav\":\"null\",\"swingSpeed\":0.1,\"cycleBy\":\"null\",\"cycle\":5000,\"startAt\":1}' data-ratio=\"1.33\" data-cols=\"[[320,2],[480,2],[768,4],[980,4],[1200,4],[9999,4]]\" data-rows=\"[[320,200],[480,200],[768,220],[980,220],[1200,240],[9999,240]]\" data-animation='{&quot;name&quot;:&quot;Fade in&quot;,&quot;visible&quot;:&quot;&quot;,&quot;hidden&quot;:&quot;&quot;}' data-transition=\"700ms\" data-ajaxmethod=\"load_more\" data-ajaxdelay=\"100\" data-preloader=\"\" data-itemdelay=\"100\" data-gallery=\"\" data-ajax=\"\"><!-- The Grid item #1 --><article class=\"tg-item tg-post-2000 apia\" data-row=\"1\" data-col=\"1\"><div class=\"tg-item-inner\"><div class=\"tg-item-media-holder tg-light\"><div class=\"tg-item-media-inner\"><div class=\"tg-item-image\" style=\"background-image: url(https:\/\/hermasa.com\/wp-content\/uploads\/2018\/10\/evisceradora_lavadora_empacadora_latas_sardinas.jpg)\"><\/div><\/div><div class=\"tg-item-overlay\"><\/div><a id=\"tolb-9332000\" class=\"tg-media-button\" data-tolb-src=\"https:\/\/hermasa.com\/wp-content\/uploads\/2018\/10\/evisceradora_lavadora_empacadora_latas_sardinas.jpg\" data-tolb-type=\"image\" data-tolb-alt=\"Hermasa | Evisceradora Flash Pack\"><i class=\"tg-icon-add\"><\/i><\/a><\/div><\/div><\/article><!-- The Grid item #2 --><article class=\"tg-item tg-post-1994 apia\" data-row=\"1\" data-col=\"1\"><div class=\"tg-item-inner\"><div class=\"tg-item-media-holder tg-light\"><div class=\"tg-item-media-inner\"><div class=\"tg-item-image\" style=\"background-image: url(https:\/\/hermasa.com\/wp-content\/uploads\/2018\/10\/empacadora_automatica_atun.jpg)\"><\/div><\/div><div class=\"tg-item-overlay\"><\/div><a id=\"tolb-9331994\" class=\"tg-media-button\" data-tolb-src=\"https:\/\/hermasa.com\/wp-content\/uploads\/2018\/10\/empacadora_automatica_atun.jpg\" data-tolb-type=\"image\" data-tolb-alt=\"Hermasa | Evisceradora Flash Pack\"><i class=\"tg-icon-add\"><\/i><\/a><\/div><\/div><\/article><!-- The Grid item #3 --><article class=\"tg-item tg-post-1996 apia\" data-row=\"1\" data-col=\"1\"><div class=\"tg-item-inner\"><div class=\"tg-item-media-holder tg-light\"><div class=\"tg-item-media-inner\"><div class=\"tg-item-image\" style=\"background-image: url(https:\/\/hermasa.com\/wp-content\/uploads\/2018\/10\/empacadora_automatica_sardinas_fish_block.jpg)\"><\/div><\/div><div class=\"tg-item-overlay\"><\/div><a id=\"tolb-9331996\" class=\"tg-media-button\" data-tolb-src=\"https:\/\/hermasa.com\/wp-content\/uploads\/2018\/10\/empacadora_automatica_sardinas_fish_block.jpg\" data-tolb-type=\"image\" data-tolb-alt=\"Empacadora_automatica_sardinas_fish_block\"><i class=\"tg-icon-add\"><\/i><\/a><\/div><\/div><\/article><!-- The Grid item #4 --><article class=\"tg-item tg-post-1998 apia\" data-row=\"1\" data-col=\"1\"><div class=\"tg-item-inner\"><div class=\"tg-item-media-holder tg-light\"><div class=\"tg-item-media-inner\"><div class=\"tg-item-image\" style=\"background-image: url(https:\/\/hermasa.com\/wp-content\/uploads\/2018\/10\/empacadora_fish_block_maker.jpg)\"><\/div><\/div><div class=\"tg-item-overlay\"><\/div><a id=\"tolb-9331998\" class=\"tg-media-button\" data-tolb-src=\"https:\/\/hermasa.com\/wp-content\/uploads\/2018\/10\/empacadora_fish_block_maker.jpg\" data-tolb-type=\"image\" data-tolb-alt=\"Empacadora_fish_block_maker\"><i class=\"tg-icon-add\"><\/i><\/a><\/div><\/div><\/article><!-- The Grid item #5 --><article class=\"tg-item tg-post-1992 apia\" data-row=\"1\" data-col=\"1\"><div class=\"tg-item-inner\"><div class=\"tg-item-media-holder tg-light\"><div class=\"tg-item-media-inner\"><div class=\"tg-item-image\" style=\"background-image: url(https:\/\/hermasa.com\/wp-content\/uploads\/2018\/10\/descabezado_eviscerado_lavado_empacado_de_latas_sardubas.jpg)\"><\/div><\/div><div class=\"tg-item-overlay\"><\/div><a id=\"tolb-9331992\" class=\"tg-media-button\" data-tolb-src=\"https:\/\/hermasa.com\/wp-content\/uploads\/2018\/10\/descabezado_eviscerado_lavado_empacado_de_latas_sardubas.jpg\" data-tolb-type=\"image\" data-tolb-alt=\"Descabezado_eviscerado_lavado_empacado_de_latas_sardubas\"><i class=\"tg-icon-add\"><\/i><\/a><\/div><\/div><\/article><\/div><\/div><!-- The Grid Wrapper End -->[\/vc_column][\/vc_row][vc_row fullwidth=\u00a0\u00bbtrue\u00a0\u00bb css=\u00a0\u00bb.vc_custom_1535650587634{padding-top: 50px !important;padding-right: 10% !important;padding-left: 10% !important;}\u00a0\u00bb][vc_column][vc_video link=\u00a0\u00bbhttps:\/\/youtu.be\/Y4D_eljR9as\u00a0\u00bb][\/vc_column][\/vc_row][vc_row el_class=\u00a0\u00bbcta\u00a0\u00bb][vc_column][mk_custom_sidebar sidebar=\u00a0\u00bbsidebar-9&Prime;][\/vc_column][\/vc_row]\n<\/div>","protected":false},"excerpt":{"rendered":"<p>Machine con\u00e7ue pour r\u00e9aliser les op\u00e9rations d\u2019\u00e9t\u00eatage, \u00e9visc\u00e9ration, lavage et empaquetage automatique de sardines ou d\u2019esp\u00e8ces similaire.<\/p>\n","protected":false},"featured_media":2000,"template":"","meta":[],"product_brand":[],"product_cat":[62,58],"product_tag":[],"class_list":{"0":"post-2392","1":"product","2":"type-product","3":"status-publish","4":"has-post-thumbnail","6":"product_cat-machines-pour-sardines","7":"product_cat-linea-de-sardinas-automatica-fr","9":"first","10":"instock","11":"downloadable","12":"shipping-taxable","13":"product-type-simple"},"_links":{"self":[{"href":"https:\/\/hermasa.com\/fr\/wp-json\/wp\/v2\/product\/2392","targetHints":{"allow":["GET"]}}],"collection":[{"href":"https:\/\/hermasa.com\/fr\/wp-json\/wp\/v2\/product"}],"about":[{"href":"https:\/\/hermasa.com\/fr\/wp-json\/wp\/v2\/types\/product"}],"wp:featuredmedia":[{"embeddable":true,"href":"https:\/\/hermasa.com\/fr\/wp-json\/wp\/v2\/media\/2000"}],"wp:attachment":[{"href":"https:\/\/hermasa.com\/fr\/wp-json\/wp\/v2\/media?parent=2392"}],"wp:term":[{"taxonomy":"product_brand","embeddable":true,"href":"https:\/\/hermasa.com\/fr\/wp-json\/wp\/v2\/product_brand?post=2392"},{"taxonomy":"product_cat","embeddable":true,"href":"https:\/\/hermasa.com\/fr\/wp-json\/wp\/v2\/product_cat?post=2392"},{"taxonomy":"product_tag","embeddable":true,"href":"https:\/\/hermasa.com\/fr\/wp-json\/wp\/v2\/product_tag?post=2392"}],"curies":[{"name":"wp","href":"https:\/\/api.w.org\/{rel}","templated":true}]}}