{"id":2839,"date":"2019-01-22T19:05:05","date_gmt":"2019-01-22T17:05:05","guid":{"rendered":"http:\/\/hermasa.com\/multimedia\/"},"modified":"2026-04-29T11:45:50","modified_gmt":"2026-04-29T09:45:50","slug":"multimedia","status":"publish","type":"page","link":"https:\/\/hermasa.com\/fr\/multimedia\/","title":{"rendered":"Multimedia"},"content":{"rendered":"<div class=\"wpb-content-wrapper\">[vc_row css=\u00a0\u00bb.vc_custom_1550045542120{padding-top: 30px !important;}\u00a0\u00bb][vc_column][vc_tabs style=\u00a0\u00bbsimple\u00a0\u00bb responsive=\u00a0\u00bbfalse\u00a0\u00bb el_class=\u00a0\u00bbtabs-multimedia\u00a0\u00bb][vc_tab title=\u00a0\u00bbVid\u00e9os\u00a0\u00bb tab_id=\u00a0\u00bb1550045426-2-94&Prime;][vc_row_inner css=\u00a0\u00bb.vc_custom_1550076293453{padding-top: 20px !important;padding-bottom: 20px !important;}\u00a0\u00bb][vc_column_inner][vc_column_text css=\u00a0\u00bb.vc_custom_1761909514134{margin-bottom: 0px !important;}\u00a0\u00bb]\n<h3>XIIe Conf\u00e9rence mondiale sur le thon Anfaco 2025<\/h3>\n<p>Pr\u00e9sentation de Pablo Rodr\u00edguez Cordov\u00e9s, directeur g\u00e9n\u00e9ral d&rsquo;Hermasa, lors des conf\u00e9rences sur le thon organis\u00e9es par Anfaco, avec une intervention intitul\u00e9e \u00ab Innovation technologique et science des donn\u00e9es \u00bb. Au cours de sa pr\u00e9sentation, devant un public venu du monde entier, il a expliqu\u00e9 comment les nouvelles technologies am\u00e9liorent les performances de l&rsquo;industrie de la conserve de thon.[\/vc_column_text][vc_video link=\u00a0\u00bbhttps:\/\/www.youtube.com\/watch?v=gF81rtdCPl8&Prime; custom_thumbnail=\u00a0\u00bbtrue\u00a0\u00bb play_icon=\u00a0\u00bbmk-icon-play-circle\u00a0\u00bb play_icon_size=\u00a0\u00bb128&Prime; play_icon_color=\u00a0\u00bb#ff4c00&Prime; thumbnail_image=\u00a0\u00bb6727&Prime;][\/vc_column_inner][\/vc_row_inner][vc_row_inner css=\u00a0\u00bb.vc_custom_1550076302588{padding-top: 20px !important;padding-bottom: 20px !important;}\u00a0\u00bb][vc_column_inner width=\u00a0\u00bb1\/2&Prime;][vc_column_text css=\u00a0\u00bb.vc_custom_1761909410450{margin-bottom: 0px !important;}\u00a0\u00bb]\n<h4>Ce sera un autre monde, mais il sera d&rsquo;Hermasa<\/h4>\n[\/vc_column_text][vc_column_text css=\u00a0\u00bb.vc_custom_1761909415750{margin-bottom: 0px !important;}\u00a0\u00bb]1972-2072 (50+50\u00e8me anniversaire). Il y a 50 ans, nous avons cr\u00e9\u00e9 Hermasa en utilisant les technologies les plus prometteuses pour l&rsquo;avenir. Aujourd&rsquo;hui, nous avons c\u00e9l\u00e9br\u00e9 notre premier cinquantenaire en pensant aux technologies que nous utiliserons lors du deuxi\u00e8me, en 2072. Nous ne savons pas \u00e0 quoi cela ressemblera, mais nous savons qu&rsquo;Hermasa sera l\u00e0.[\/vc_column_text][\/vc_column_inner][vc_column_inner width=\u00a0\u00bb1\/2&Prime;][vc_column_text css=\u00a0\u00bb.vc_custom_1742381206098{margin-bottom: 0px !important;}\u00a0\u00bb]\n<h4>La reine de Sa a aurait demand\u00e9: Tunipack<\/h4>\n[\/vc_column_text][vc_column_text css=\u00a0\u00bb.vc_custom_1742381221538{margin-bottom: 0px !important;padding-top: 15px !important;}\u00a0\u00bb]Hermasa a construit une usine moderne de transformation du thon au Y\u00e9men. Les deux lignes de production sont \u00e9quip\u00e9es de l&#8217;emballeur de thon Smart Tunipack. Cette usine est \u00e9quip\u00e9e de toutes sortes d&rsquo;avanc\u00e9es techniques et d&rsquo;automatismes pour augmenter la productivit\u00e9.[\/vc_column_text][\/vc_column_inner][\/vc_row_inner][vc_row_inner css=\u00a0\u00bb.vc_custom_1550076302588{padding-top: 20px !important;padding-bottom: 20px !important;}\u00a0\u00bb][vc_column_inner width=\u00a0\u00bb1\/2&Prime;][vc_video link=\u00a0\u00bbhttps:\/\/www.youtube.com\/watch?v=HjAVmbHncHc\u00a0\u00bb custom_thumbnail=\u00a0\u00bbtrue\u00a0\u00bb play_icon=\u00a0\u00bbmk-icon-play-circle\u00a0\u00bb play_icon_size=\u00a0\u00bb128&Prime; play_icon_color=\u00a0\u00bb#ff4c00&Prime; thumbnail_image=\u00a0\u00bb6615&Prime;][\/vc_column_inner][vc_column_inner width=\u00a0\u00bb1\/2&Prime;][vc_video link=\u00a0\u00bbhttps:\/\/www.youtube.com\/watch?v=dgFV2vhzFjw\u00a0\u00bb custom_thumbnail=\u00a0\u00bbtrue\u00a0\u00bb play_icon=\u00a0\u00bbmk-icon-play-circle\u00a0\u00bb play_icon_size=\u00a0\u00bb128&Prime; play_icon_color=\u00a0\u00bb#ff4c00&Prime; thumbnail_image=\u00a0\u00bb6655&Prime;][\/vc_column_inner][\/vc_row_inner][vc_row_inner css=\u00a0\u00bb.vc_custom_1550076302588{padding-top: 20px !important;padding-bottom: 20px !important;}\u00a0\u00bb][vc_column_inner width=\u00a0\u00bb1\/2&Prime;][vc_column_text css=\u00a0\u00bb.vc_custom_1695123287016{margin-bottom: 0px !important;}\u00a0\u00bb]\n<h4>La science nous a rendu technologiques<\/h4>\n[\/vc_column_text][vc_column_text css=\u00a0\u00bb.vc_custom_1695123310401{margin-bottom: 0px !important;padding-top: 15px !important;}\u00a0\u00bb]La modernisation de la structure num\u00e9rique et l&rsquo;augmentation de l&rsquo;\u00e9quipe d&rsquo;ing\u00e9nieurs d&rsquo;Hermasa avec des sp\u00e9cialistes dans des domaines technologiques qui n&rsquo;existaient pas il y a quelques ann\u00e9es, ont transform\u00e9 la technologie et la fa\u00e7on de produire des conserves de thon et des machines de traitement de la sardine.[\/vc_column_text][\/vc_column_inner][vc_column_inner width=\u00a0\u00bb1\/2&Prime;][vc_column_text css=\u00a0\u00bb.vc_custom_1695123293600{margin-bottom: 0px !important;}\u00a0\u00bb]\n<h4>Vid\u00e9o<br \/>\nd&rsquo;entreprise<\/h4>\n[\/vc_column_text][vc_column_text css=\u00a0\u00bb.vc_custom_1681121595910{margin-bottom: 0px !important;padding-top: 15px !important;}\u00a0\u00bb]Hermasa est pr\u00e9sente dans plus de 65 pays sur cinq continents. Leader dans la technologie et les machines pour la conserverie de poisson, Hermasa \u00e9labore et installe des lignes de production compl\u00e8tes pour l\u2019industrie de la conserverie.[\/vc_column_text][\/vc_column_inner][\/vc_row_inner][vc_row_inner css=\u00a0\u00bb.vc_custom_1550076302588{padding-top: 20px !important;padding-bottom: 20px !important;}\u00a0\u00bb][vc_column_inner width=\u00a0\u00bb1\/2&Prime;][vc_video link=\u00a0\u00bbhttps:\/\/www.youtube.com\/watch?v=nSPm9vEv7jU\u00a0\u00bb custom_thumbnail=\u00a0\u00bbtrue\u00a0\u00bb play_icon=\u00a0\u00bbmk-icon-play-circle\u00a0\u00bb play_icon_size=\u00a0\u00bb128&Prime; play_icon_color=\u00a0\u00bb#ff4c00&Prime; thumbnail_image=\u00a0\u00bb6518&Prime;][\/vc_column_inner][vc_column_inner width=\u00a0\u00bb1\/2&Prime;][vc_video link=\u00a0\u00bbhttp:\/\/www.youtube.com\/watch?v=xF99rv34mao\u00a0\u00bb custom_thumbnail=\u00a0\u00bbtrue\u00a0\u00bb play_icon=\u00a0\u00bbmk-icon-play-circle\u00a0\u00bb play_icon_size=\u00a0\u00bb128&Prime; play_icon_color=\u00a0\u00bb#ff4c00&Prime; thumbnail_image=\u00a0\u00bb2817&Prime;][\/vc_column_inner][\/vc_row_inner][vc_row_inner css=\u00a0\u00bb.vc_custom_1550076302588{padding-top: 20px !important;padding-bottom: 20px !important;}\u00a0\u00bb][vc_column_inner width=\u00a0\u00bb1\/2&Prime;][vc_column_text css=\u00a0\u00bb.vc_custom_1681122310595{margin-bottom: 0px !important;}\u00a0\u00bb]\n<h4>Tunipack<br \/>\n500 DC<\/h4>\n[\/vc_column_text][vc_column_text css=\u00a0\u00bb.vc_custom_1681121605823{margin-bottom: 0px !important;padding-top: 15px !important;}\u00a0\u00bb]Syst\u00e8me Density Control qui ajuste le poids du produit dans chaque bo\u00eete. L&#8217;empaqueteuse de thon la plus rapide et la plus appr\u00e9ci\u00e9e dans le monde augmente son prestige avec le syst\u00e8me DC, qui automatise et am\u00e9liore le processus d&rsquo;alimentation de la machine.[\/vc_column_text][\/vc_column_inner][vc_column_inner width=\u00a0\u00bb1\/2&Prime;][vc_column_text css=\u00a0\u00bb.vc_custom_1559041994062{margin-bottom: 0px !important;}\u00a0\u00bb]\n<h4>Lignes de production de thon<\/h4>\n[\/vc_column_text][\/vc_column_inner][\/vc_row_inner][vc_row_inner css=\u00a0\u00bb.vc_custom_1550076302588{padding-top: 20px !important;padding-bottom: 20px !important;}\u00a0\u00bb][vc_column_inner width=\u00a0\u00bb1\/2&Prime;][vc_video link=\u00a0\u00bbhttp:\/\/www.youtube.com\/watch?v=qTpDEabb15c&amp;t\u00a0\u00bb custom_thumbnail=\u00a0\u00bbtrue\u00a0\u00bb play_icon=\u00a0\u00bbmk-icon-play-circle\u00a0\u00bb play_icon_size=\u00a0\u00bb64&Prime; play_icon_color=\u00a0\u00bb#ff6000&Prime; thumbnail_image=\u00a0\u00bb827&Prime;][\/vc_column_inner][vc_column_inner width=\u00a0\u00bb1\/2&Prime;][vc_video link=\u00a0\u00bbhttps:\/\/youtu.be\/FS7LkzJXXvg\u00a0\u00bb custom_thumbnail=\u00a0\u00bbtrue\u00a0\u00bb play_icon=\u00a0\u00bbmk-icon-play-circle\u00a0\u00bb play_icon_size=\u00a0\u00bb64&Prime; play_icon_color=\u00a0\u00bb#ff6000&Prime; thumbnail_image=\u00a0\u00bb3184&Prime;][\/vc_column_inner][\/vc_row_inner][vc_row_inner css=\u00a0\u00bb.vc_custom_1550076302588{padding-top: 20px !important;padding-bottom: 20px !important;}\u00a0\u00bb][vc_column_inner width=\u00a0\u00bb1\/2&Prime;][vc_column_text css=\u00a0\u00bb.vc_custom_1559042813373{margin-bottom: 0px !important;}\u00a0\u00bb]\n<h4>Ligne semi-automatique de traitement de sardine<\/h4>\n[\/vc_column_text][\/vc_column_inner][vc_column_inner width=\u00a0\u00bb1\/2&Prime;][vc_column_text css=\u00a0\u00bb.vc_custom_1559042694514{margin-bottom: 0px !important;}\u00a0\u00bb]\n<h4>Lignes automatique de traitement de sardine<\/h4>\n[\/vc_column_text][\/vc_column_inner][\/vc_row_inner][vc_row_inner css=\u00a0\u00bb.vc_custom_1550076302588{padding-top: 20px !important;padding-bottom: 20px !important;}\u00a0\u00bb][vc_column_inner width=\u00a0\u00bb1\/2&Prime;][vc_video link=\u00a0\u00bbhttps:\/\/youtu.be\/PoZsa5OT4pg\u00a0\u00bb custom_thumbnail=\u00a0\u00bbtrue\u00a0\u00bb play_icon=\u00a0\u00bbmk-icon-play-circle\u00a0\u00bb play_icon_size=\u00a0\u00bb64&Prime; play_icon_color=\u00a0\u00bb#ff6000&Prime; thumbnail_image=\u00a0\u00bb3190&Prime;][\/vc_column_inner][vc_column_inner width=\u00a0\u00bb1\/2&Prime;][vc_video link=\u00a0\u00bbhttps:\/\/youtu.be\/UCiI2_FS9DA\u00a0\u00bb custom_thumbnail=\u00a0\u00bbtrue\u00a0\u00bb play_icon=\u00a0\u00bbmk-icon-play-circle\u00a0\u00bb play_icon_size=\u00a0\u00bb64&Prime; play_icon_color=\u00a0\u00bb#ff6000&Prime; thumbnail_image=\u00a0\u00bb3475&Prime;][\/vc_column_inner][\/vc_row_inner][\/vc_tab][vc_tab title=\u00a0\u00bbCatalogues\u00a0\u00bb tab_id=\u00a0\u00bb1550045426-1-67&Prime;][vc_column_text css=\u00a0\u00bb.vc_custom_1777455940818{margin-bottom: 0px !important;}\u00a0\u00bb]\n<table class=\"multimedia\" cellspacing=\"0\" cellpadding=\"0\">\n<tbody>\n<tr>\n<td><b>#<\/b><\/td>\n<td><b>FICHIER<\/b><\/td>\n<td><b>DESCRIPTION<\/b><\/td>\n<td><b>TAILLE<\/b><\/td>\n<\/tr>\n<p><!-- NOUVELLE LIGNE 1 POUR SMART TUNIPACK --><\/p>\n<tr>\n<td>1<\/td>\n<td><a href=\"https:\/\/hermasa.com\/wp-content\/uploads\/2026\/04\/smart-tunipack-web-uk.pdf\">Smart Tunipack \u00ae<\/a><\/td>\n<td>Intelligente remplisseuse de thon<\/td>\n<td>2,3 MB<\/td>\n<\/tr>\n<tr>\n<td>2<\/td>\n<td><a href=\"https:\/\/dev.hermasa.com\/wp-content\/uploads\/woocommerce_uploads\/2018\/07\/tunivac_cuiseur_de_thon.pdf\" target=\"_blank\" rel=\"noopener noreferrer\">Tunivac \u00ae<\/a><\/td>\n<td>Cuiser de thon<\/td>\n<td>195 KB<\/td>\n<\/tr>\n<tr>\n<td>3<\/td>\n<td><a href=\"https:\/\/dev.hermasa.com\/wp-content\/uploads\/woocommerce_uploads\/2018\/07\/tunipack-dc-fr.pdf\" target=\"_blank\" rel=\"noopener noreferrer\">Tunipack \u00ae DC<\/a><\/td>\n<td>Remplisseuse de thon<\/td>\n<td>359 KB<\/td>\n<\/tr>\n<tr>\n<td>4<\/td>\n<td><a href=\"https:\/\/dev.hermasa.com\/wp-content\/uploads\/woocommerce_uploads\/2019\/02\/v-filler_fr.pdf\" target=\"_blank\" rel=\"noopener noreferrer\">V-Filler \u00ae<\/a><\/td>\n<td>Emballeuse verticale<\/td>\n<td>132 KB<\/td>\n<\/tr>\n<tr>\n<td>5<\/td>\n<td><a href=\"https:\/\/dev.hermasa.com\/wp-content\/uploads\/woocommerce_uploads\/2018\/07\/fish_block_maker_franaise.pdf\" target=\"_blank\" rel=\"noopener noreferrer\">Fish Block Maker \u00ae<\/a><\/td>\n<td><\/td>\n<td>240 KB<\/td>\n<\/tr>\n<tr>\n<td>6<\/td>\n<td><a href=\"https:\/\/dev.hermasa.com\/wp-content\/uploads\/woocommerce_uploads\/2018\/08\/hct.pdf\" target=\"_blank\" rel=\"noopener noreferrer\">D\u00e9cong\u00e9lateur HCT \u00ae<\/a><\/td>\n<td><\/td>\n<td>81 KB<\/td>\n<\/tr>\n<tr>\n<td>7<\/td>\n<td><a href=\"https:\/\/dev.hermasa.com\/wp-content\/uploads\/woocommerce_uploads\/2018\/07\/cuiseur_sardines_cda.pdf\" target=\"_blank\" rel=\"noopener noreferrer\">Cuiseur de sardines C.D.A.\u00ae<\/a><\/td>\n<td>Avec chargement et d\u00e9chargement<\/td>\n<td>171 KB<\/td>\n<\/tr>\n<tr>\n<td>8<\/td>\n<td><a href=\"https:\/\/dev.hermasa.com\/wp-content\/uploads\/woocommerce_uploads\/2018\/08\/autoclave_franaise.pdf\" target=\"_blank\" rel=\"noopener noreferrer\">Autoclave<\/a><\/td>\n<td><\/td>\n<td>251 KB<\/td>\n<\/tr>\n<tr>\n<td>9<\/td>\n<td><a href=\"https:\/\/dev.hermasa.com\/wp-content\/uploads\/woocommerce_uploads\/2018\/08\/palettiseur.pdf\" target=\"_blank\" rel=\"noopener noreferrer\">Palettiseur de chariots d\u2019autoclave<\/a><\/td>\n<td><\/td>\n<td>110 KB<\/td>\n<\/tr>\n<tr>\n<td>10<\/td>\n<td><a href=\"https:\/\/dev.hermasa.com\/wp-content\/uploads\/woocommerce_uploads\/2018\/08\/dpalettiseur-1.pdf\" target=\"_blank\" rel=\"noopener noreferrer\">D\u00e9palettiseur de chariots d\u2019autoclave<\/a><\/td>\n<td><\/td>\n<td>98 KB<\/td>\n<\/tr>\n<tr>\n<td>11<\/td>\n<td><a href=\"https:\/\/dev.hermasa.com\/wp-content\/uploads\/woocommerce_uploads\/2018\/07\/groupe_dttage.pdf\" target=\"_blank\" rel=\"noopener noreferrer\">Groupe d\u2019\u00e9t\u00eatage et \u00e9visc\u00e9ration<\/a><\/td>\n<td><\/td>\n<td>112 KB<\/td>\n<\/tr>\n<tr>\n<td>12<\/td>\n<td><a href=\"https:\/\/dev.hermasa.com\/wp-content\/uploads\/2018\/10\/manual_packing_system.pdf\" target=\"_blank\" rel=\"noopener noreferrer\">Mise en bo\u00eete manuel<\/a><\/td>\n<td><\/td>\n<td>102 KB<\/td>\n<\/tr>\n<tr>\n<td>13<\/td>\n<td><a href=\"https:\/\/dev.hermasa.com\/wp-content\/uploads\/woocommerce_uploads\/2018\/07\/adding_oil_souces.pdf\" target=\"_blank\" rel=\"noopener noreferrer\">\u00c9quipement pour l\u2019ajout de sauce<\/a><\/td>\n<td><\/td>\n<td>77 KB<\/td>\n<\/tr>\n<tr>\n<td>14<\/td>\n<td><a href=\"https:\/\/dev.hermasa.com\/wp-content\/uploads\/woocommerce_uploads\/2018\/08\/souce_elaboration_machine_0.pdf\" target=\"_blank\" rel=\"noopener noreferrer\">Marmite pour l&rsquo;\u00e9laboration des sauces<\/a><\/td>\n<td><\/td>\n<td>85 KB<\/td>\n<\/tr>\n<tr>\n<td>15<\/td>\n<td><a href=\"https:\/\/dev.hermasa.com\/wp-content\/uploads\/woocommerce_uploads\/2018\/08\/salt_doser_salt_drier-1.pdf\" target=\"_blank\" rel=\"noopener noreferrer\">S\u00e9cheur de sel<\/a><\/td>\n<td><\/td>\n<td>103 KB<\/td>\n<\/tr>\n<tr>\n<td>16<\/td>\n<td><a href=\"https:\/\/dev.hermasa.com\/wp-content\/uploads\/woocommerce_uploads\/2018\/08\/salt_doser_salt_drier-1.pdf\" target=\"_blank\" rel=\"noopener noreferrer\">Doseur de sel<\/a><\/td>\n<td><\/td>\n<td>103 KB<\/td>\n<\/tr>\n<tr>\n<td>17<\/td>\n<td><a href=\"https:\/\/dev.hermasa.com\/wp-content\/uploads\/woocommerce_uploads\/2018\/08\/can_washer_drier_machine.pdf\" target=\"_blank\" rel=\"noopener noreferrer\">Laveuse s\u00e9cheuse de bo\u00eetes<\/a><\/td>\n<td><\/td>\n<td>86 KB<\/td>\n<\/tr>\n<tr>\n<td>18<\/td>\n<td><a href=\"https:\/\/dev.hermasa.com\/wp-content\/uploads\/woocommerce_uploads\/2018\/07\/water_brine_cooking_tanks_0.pdf\" target=\"_blank\" rel=\"noopener noreferrer\">Bassine de cuisson<\/a><\/td>\n<td><\/td>\n<td>77 KB<\/td>\n<\/tr>\n<tr>\n<td>19<\/td>\n<td><a href=\"https:\/\/dev.hermasa.com\/wp-content\/uploads\/woocommerce_uploads\/2018\/07\/cleaning_system.pdf\" target=\"_blank\" rel=\"noopener noreferrer\">Syst\u00e8me de nettoyage<\/a><\/td>\n<td><\/td>\n<td>116 KB<\/td>\n<\/tr>\n<tr>\n<td>20<\/td>\n<td><a href=\"https:\/\/dev.hermasa.com\/wp-content\/uploads\/woocommerce_uploads\/2018\/08\/casing_machine.pdf\" target=\"_blank\" rel=\"noopener noreferrer\">\u00c9tuyeuse\/fardeleuse<\/a><\/td>\n<td><\/td>\n<td>100 KB<\/td>\n<\/tr>\n<tr>\n<td>21<\/td>\n<td><a href=\"https:\/\/dev.hermasa.com\/wp-content\/uploads\/woocommerce_uploads\/2018\/07\/continuous_cooker.pdf\" target=\"_blank\" rel=\"noopener noreferrer\">Cuiseur continu<\/a><\/td>\n<td><\/td>\n<td>225 KB<\/td>\n<\/tr>\n<tr>\n<td>22<\/td>\n<td><a href=\"https:\/\/tunipackdc.com\/wp-content\/uploads\/2021\/06\/Thon_catalogue-es-fr.pdf\" target=\"_blank\" rel=\"noopener noreferrer\">Thon Catalogue<\/a><\/td>\n<td><\/td>\n<td>8,6M<\/td>\n<\/tr>\n<\/tbody>\n<\/table>\n[\/vc_column_text][\/vc_tab][vc_tab title=\u00a0\u00bbD&rsquo;entreprise\u00a0\u00bb tab_id=\u00a0\u00bb1550045683859-2-7&Prime;][vc_column_text css=\u00a0\u00bb.vc_custom_1689248448420{margin-bottom: 0px !important;}\u00a0\u00bb]\n<table class=\"multimedia\" cellspacing=\"0\" cellpadding=\"0\">\n<tbody>\n<tr>\n<td><b>#<\/b><\/td>\n<td><b>FICHIER<\/b><\/td>\n<td><b>DESCRIPTION<\/b><\/td>\n<td><b>TAILLE<\/b><\/td>\n<\/tr>\n<tr>\n<td>1<\/td>\n<td><a href=\"https:\/\/dev.hermasa.com\/wp-content\/uploads\/2023\/07\/20230615-politica-general-de-calidad-e-idi-excelenci-a-e-innovacion.pdf\" target=\"_blank\" rel=\"noopener noreferrer\">Pol\u00edtica General de Responsabilidad Social y Medioambiental, Recursos Humanos y Prevenci\u00f3n de Riesgos Laborales: Honestidad y Compromiso<\/a><\/td>\n<td>A\u00f1o 2023<\/td>\n<td>168 KB<\/td>\n<\/tr>\n<tr>\n<td>2<\/td>\n<td><a href=\"https:\/\/dev.hermasa.com\/wp-content\/uploads\/2023\/07\/20230615-politica-general-de-rsc-rrhh-y-prl-honesti-dad-y-compromiso.pdf\" target=\"_blank\" rel=\"noopener noreferrer\">Poli\u0301tica General de RSC, RRHH y PRL<\/a><\/td>\n<td>A\u00f1o 2023<\/td>\n<td>172 KB<\/td>\n<\/tr>\n<\/tbody>\n<\/table>\n[\/vc_column_text][\/vc_tab][\/vc_tabs][\/vc_column][\/vc_row][vc_row disable_element=\u00a0\u00bbyes\u00a0\u00bb][vc_column][vc_separator border_width=\u00a0\u00bb2&Prime; css=\u00a0\u00bb.vc_custom_1582040641371{padding-bottom: 20px !important;}\u00a0\u00bb][vc_column_text css=\u00a0\u00bb.vc_custom_1582040627827{margin-bottom: 0px !important;}\u00a0\u00bb]<!-- The Grid Plugin Version 2.8.0 --><div class=\"tg-error-msg\" data-grid-name=\"Multimedia-Youtube-EN\">No grid was found for: Multimedia-Youtube-EN.<\/div>[\/vc_column_text][\/vc_column][\/vc_row]\n<\/div>","protected":false},"excerpt":{"rendered":"<p>[vc_row css=\u00a0\u00bb.vc_custom_1550045542120{padding-top: 30px !important;}\u00a0\u00bb][vc_column][vc_tabs style=\u00a0\u00bbsimple\u00a0\u00bb responsive=\u00a0\u00bbfalse\u00a0\u00bb el_class=\u00a0\u00bbtabs-multimedia\u00a0\u00bb][vc_tab title=\u00a0\u00bbVid\u00e9os\u00a0\u00bb tab_id=\u00a0\u00bb1550045426-2-94&Prime;][vc_row_inner css=\u00a0\u00bb.vc_custom_1550076293453{padding-top: 20px !important;padding-bottom: 20px !important;}\u00a0\u00bb][vc_column_inner][vc_column_text css=\u00a0\u00bb.vc_custom_1761909514134{margin-bottom: 0px !important;}\u00a0\u00bb] XIIe Conf\u00e9rence mondiale sur le thon Anfaco 2025 Pr\u00e9sentation de Pablo Rodr\u00edguez Cordov\u00e9s, directeur g\u00e9n\u00e9ral d&rsquo;Hermasa, lors des conf\u00e9rences sur le thon organis\u00e9es par Anfaco, avec une intervention intitul\u00e9e \u00ab Innovation technologique et science des donn\u00e9es \u00bb. Au [&hellip;]<\/p>\n","protected":false},"author":1,"featured_media":0,"parent":0,"menu_order":0,"comment_status":"closed","ping_status":"closed","template":"","meta":{"footnotes":""},"class_list":["post-2839","page","type-page","status-publish","hentry"],"_links":{"self":[{"href":"https:\/\/hermasa.com\/fr\/wp-json\/wp\/v2\/pages\/2839","targetHints":{"allow":["GET"]}}],"collection":[{"href":"https:\/\/hermasa.com\/fr\/wp-json\/wp\/v2\/pages"}],"about":[{"href":"https:\/\/hermasa.com\/fr\/wp-json\/wp\/v2\/types\/page"}],"author":[{"embeddable":true,"href":"https:\/\/hermasa.com\/fr\/wp-json\/wp\/v2\/users\/1"}],"replies":[{"embeddable":true,"href":"https:\/\/hermasa.com\/fr\/wp-json\/wp\/v2\/comments?post=2839"}],"version-history":[{"count":18,"href":"https:\/\/hermasa.com\/fr\/wp-json\/wp\/v2\/pages\/2839\/revisions"}],"predecessor-version":[{"id":6854,"href":"https:\/\/hermasa.com\/fr\/wp-json\/wp\/v2\/pages\/2839\/revisions\/6854"}],"wp:attachment":[{"href":"https:\/\/hermasa.com\/fr\/wp-json\/wp\/v2\/media?parent=2839"}],"curies":[{"name":"wp","href":"https:\/\/api.w.org\/{rel}","templated":true}]}}