{"id":2326,"date":"2018-06-11T10:16:11","date_gmt":"2018-06-11T08:16:11","guid":{"rendered":"http:\/\/hermasa.com\/servicios-tecnologicos\/"},"modified":"2022-01-28T11:10:00","modified_gmt":"2022-01-28T09:10:00","slug":"services-technologiques","status":"publish","type":"page","link":"https:\/\/hermasa.com\/fr\/services-technologiques\/","title":{"rendered":"Services technologiques"},"content":{"rendered":"<div class=\"wpb-content-wrapper\">[vc_row fullwidth=\u00a0\u00bbtrue\u00a0\u00bb fullwidth_content=\u00a0\u00bbfalse\u00a0\u00bb css=\u00a0\u00bb.vc_custom_1556903431720{padding-right: 15% !important;padding-bottom: 40% !important;padding-left: 15% !important;background-image: url(https:\/\/hermasa.com\/wp-content\/uploads\/2018\/07\/servicios-tecnolgicos_hermasa.jpg?id=1402) !important;background-position: center !important;background-repeat: no-repeat !important;background-size: contain !important;}\u00a0\u00bb][vc_column offset=\u00a0\u00bbvc_col-lg-6 vc_col-md-9 vc_col-xs-12&Prime; css=\u00a0\u00bb.vc_custom_1579798069188{padding-top: 5% !important;}\u00a0\u00bb][vc_separator color=\u00a0\u00bbcustom\u00a0\u00bb align=\u00a0\u00bbalign_left\u00a0\u00bb border_width=\u00a0\u00bb2&Prime; el_width=\u00a0\u00bb10&Prime; accent_color=\u00a0\u00bb#f28100&Prime;][vc_column_text css=\u00a0\u00bb.vc_custom_1550762312179{padding-bottom: 7% !important;}\u00a0\u00bb]\n<h3>Services technologiques<\/h3>\n[\/vc_column_text][\/vc_column][\/vc_row][vc_row fullwidth=\u00a0\u00bbtrue\u00a0\u00bb fullwidth_content=\u00a0\u00bbfalse\u00a0\u00bb css=\u00a0\u00bb.vc_custom_1530870009534{padding-top: 30px !important;padding-bottom: 73px !important;}\u00a0\u00bb][vc_column offset=\u00a0\u00bbvc_col-lg-offset-1 vc_col-lg-10 vc_col-xs-offset-1&Prime; css=\u00a0\u00bb.vc_custom_1530030965581{padding-right: 2% !important;padding-left: 2% !important;}\u00a0\u00bb][vc_column_text css=\u00a0\u00bb.vc_custom_1550761253371{margin-bottom: 0px !important;}\u00a0\u00bb]\n<h5 style=\"text-align: left; margin-bottom: 30px;\">La culture technologique de Hermasa d\u00e8s sa cr\u00e9ation lui a permis de devenir une r\u00e9f\u00e9rence en mati\u00e8re de connaissances dans le secteur. Hermasa est la principale soci\u00e9t\u00e9 de conseil dans l\u2019industrie de la conserverie au niveau mondial. Ses repr\u00e9sentants sont sollicit\u00e9s pour intervenir lors des principaux colloques mondiaux du secteur ; ils collectent sans cesse les informations offertes par les clients dans le monde entier ; des projets de recherche sont ainsi lanc\u00e9s : ils permettent d\u2019obtenir de nouveaux brevets, et d\u2019anticiper les besoins du secteur. En plus du service d\u00e9cisif d\u2019ing\u00e9nierie et de conception, Hermasa est une soci\u00e9t\u00e9 cl\u00e9 pour le secteur car elle re\u00e7oit les projets, les \u00e9tudes et les conceptions des autres professionnels qui ne peuvent pas d\u00e9velopper de grands \u00e9quipements et les placer en phase d\u2019exp\u00e9rimentation sur le grand r\u00e9seau de clients dont la soci\u00e9t\u00e9 dispose dans le monde entier<\/h5>\n[\/vc_column_text][vc_btn title=\u00a0\u00bbContactez-nous\u00a0\u00bb style=\u00a0\u00bbcustom\u00a0\u00bb custom_background=\u00a0\u00bb#ff3f00&Prime; custom_text=\u00a0\u00bb#ffffff\u00a0\u00bb shape=\u00a0\u00bbround\u00a0\u00bb align=\u00a0\u00bbcenter\u00a0\u00bb i_align=\u00a0\u00bbright\u00a0\u00bb i_icon_fontawesome=\u00a0\u00bbfa fa-angle-right\u00a0\u00bb add_icon=\u00a0\u00bbtrue\u00a0\u00bb link=\u00a0\u00bburl:%2Ffr%2Fcontact%2F|||\u00a0\u00bb css=\u00a0\u00bb.vc_custom_1551197389382{margin-left: 15px !important;}\u00a0\u00bb][\/vc_column][\/vc_row][vc_row fullwidth=\u00a0\u00bbtrue\u00a0\u00bb fullwidth_content=\u00a0\u00bbfalse\u00a0\u00bb parallax=\u00a0\u00bbcontent-moving\u00a0\u00bb parallax_image=\u00a0\u00bb308&Prime; css=\u00a0\u00bb.vc_custom_1531411280178{border-bottom-width: 6px !important;padding-top: 80px !important;padding-bottom: 80px !important;border-bottom-color: #ff3f00 !important;border-bottom-style: solid !important;}\u00a0\u00bb][vc_column][vc_row_inner visibility=\u00a0\u00bbvisible-sm\u00a0\u00bb][vc_column_inner][vc_empty_space height=\u00a0\u00bb172px\u00a0\u00bb][\/vc_column_inner][\/vc_row_inner][vc_row_inner is_fullwidth_content=\u00a0\u00bbfalse\u00a0\u00bb][vc_column_inner width=\u00a0\u00bb1\/2&Prime;][\/vc_column_inner][vc_column_inner width=\u00a0\u00bb1\/2&Prime; css=\u00a0\u00bb.vc_custom_1530890651837{padding-top: 50px !important;padding-bottom: 50px !important;background-color: #ffffff !important;border-radius: 3px !important;}\u00a0\u00bb][vc_column_text css=\u00a0\u00bb.vc_custom_1550761296470{margin-bottom: 0px !important;padding-top: 30px !important;padding-right: 10px !important;padding-bottom: 30px !important;padding-left: 20px !important;}\u00a0\u00bb]\n<h4>Service de conseil g\u00e9n\u00e9ral<\/h4>\n<p>&nbsp;<\/p>\n<p>L\u2019exp\u00e9rience de Hermasa, qui a accompagn\u00e9 l\u2019expansion et la modernisation des grandes marques mondiales de la conserve, a \u00e9tabli la soci\u00e9t\u00e9 comme principale r\u00e9f\u00e9rence pour les organismes internationaux, publics et priv\u00e9s, et les m\u00e9dias sp\u00e9cialis\u00e9s.[\/vc_column_text][vc_btn title=\u00a0\u00bbContactez-nous\u00a0\u00bb style=\u00a0\u00bbcustom\u00a0\u00bb custom_background=\u00a0\u00bb#ff3f00&Prime; custom_text=\u00a0\u00bb#ffffff\u00a0\u00bb shape=\u00a0\u00bbround\u00a0\u00bb align=\u00a0\u00bbleft\u00a0\u00bb i_align=\u00a0\u00bbright\u00a0\u00bb i_icon_fontawesome=\u00a0\u00bbfa fa-angle-right\u00a0\u00bb add_icon=\u00a0\u00bbtrue\u00a0\u00bb link=\u00a0\u00bburl:http%3A%2F%2Fhermasa.com%2Fcontacto%2F|||\u00a0\u00bb css=\u00a0\u00bb.vc_custom_1550761377106{margin-left: 15px !important;}\u00a0\u00bb][\/vc_column_inner][\/vc_row_inner][vc_row_inner visibility=\u00a0\u00bbvisible-sm\u00a0\u00bb][vc_column_inner][vc_empty_space height=\u00a0\u00bb172px\u00a0\u00bb][\/vc_column_inner][\/vc_row_inner][\/vc_column][\/vc_row][vc_row fullwidth=\u00a0\u00bbtrue\u00a0\u00bb fullwidth_content=\u00a0\u00bbfalse\u00a0\u00bb parallax=\u00a0\u00bbcontent-moving\u00a0\u00bb parallax_image=\u00a0\u00bb321&Prime; css=\u00a0\u00bb.vc_custom_1531411272801{border-bottom-width: 6px !important;padding-top: 80px !important;padding-bottom: 80px !important;border-bottom-color: #ff3f00 !important;border-bottom-style: solid !important;}\u00a0\u00bb][vc_column][vc_row_inner visibility=\u00a0\u00bbvisible-sm\u00a0\u00bb][vc_column_inner][vc_empty_space height=\u00a0\u00bb172px\u00a0\u00bb][\/vc_column_inner][\/vc_row_inner][vc_row_inner is_fullwidth_content=\u00a0\u00bbfalse\u00a0\u00bb][vc_column_inner width=\u00a0\u00bb1\/2&Prime; css=\u00a0\u00bb.vc_custom_1530890954484{padding-top: 50px !important;padding-bottom: 50px !important;background-color: #ffffff !important;border-radius: 3px !important;}\u00a0\u00bb][vc_column_text css=\u00a0\u00bb.vc_custom_1550762345311{margin-bottom: 0px !important;padding-top: 30px !important;padding-right: 10px !important;padding-bottom: 30px !important;padding-left: 20px !important;}\u00a0\u00bb]\n<h4>Cl\u00e9 en main<\/h4>\n<p>&nbsp;<\/p>\n<p>Durant des d\u00e9cennies, les techniciens d\u2019Hermasa ont test\u00e9 leurs prototypes dans les installations de l\u2019industrie de la conserve pour observer \u2018in situ\u2019 l\u2019efficacit\u00e9 de nos \u00e9quipes et notre technologie. Il s\u2019agit du meilleur examen possible. Cela a permis de conna\u00eetre de premi\u00e8re main ce que n\u00e9cessitent les fabricants. Le service \u2018Cl\u00e9 en main\u2019 na\u00eet de cette exp\u00e9rience. \u00c0 vous de nous dire de quelle entreprise vous avez besoin, quelles ressources sont les v\u00f4tres, comment vous avez planifi\u00e9 votre production pour les prochaines ann\u00e9es, et nous vous d\u00e9livrons une usine personnalis\u00e9e tenant compte de tous Llave en manoles crit\u00e8res possibles : espace, nombre d\u2019op\u00e9rateurs, type de produits, capacit\u00e9 productive, niveau d\u2019automatisation de tous les processus pour \u00e9conomiser en co\u00fbts, ergonomie, etc. [\/vc_column_text][vc_btn title=\u00a0\u00bbContactez-nous\u00a0\u00bb style=\u00a0\u00bbcustom\u00a0\u00bb custom_background=\u00a0\u00bb#ff3f00&Prime; custom_text=\u00a0\u00bb#ffffff\u00a0\u00bb shape=\u00a0\u00bbround\u00a0\u00bb align=\u00a0\u00bbleft\u00a0\u00bb i_align=\u00a0\u00bbright\u00a0\u00bb i_icon_fontawesome=\u00a0\u00bbfa fa-angle-right\u00a0\u00bb add_icon=\u00a0\u00bbtrue\u00a0\u00bb link=\u00a0\u00bburl:http%3A%2F%2Fhermasa.com%2Fcontacto%2F|||\u00a0\u00bb css=\u00a0\u00bb.vc_custom_1550761377106{margin-left: 15px !important;}\u00a0\u00bb][\/vc_column_inner][vc_column_inner width=\u00a0\u00bb1\/2&Prime;][\/vc_column_inner][\/vc_row_inner][vc_row_inner visibility=\u00a0\u00bbvisible-sm\u00a0\u00bb][vc_column_inner][vc_empty_space height=\u00a0\u00bb172px\u00a0\u00bb][\/vc_column_inner][\/vc_row_inner][\/vc_column][\/vc_row][vc_row fullwidth=\u00a0\u00bbtrue\u00a0\u00bb fullwidth_content=\u00a0\u00bbfalse\u00a0\u00bb parallax=\u00a0\u00bbcontent-moving\u00a0\u00bb css=\u00a0\u00bb.vc_custom_1530891994115{padding-top: 80px !important;padding-bottom: 80px !important;}\u00a0\u00bb][vc_column][vc_row_inner is_fullwidth_content=\u00a0\u00bbfalse\u00a0\u00bb][vc_column_inner width=\u00a0\u00bb1\/2&Prime; css=\u00a0\u00bb.vc_custom_1530892163961{padding-bottom: 50px !important;background-color: #ffffff !important;border-radius: 3px !important;}\u00a0\u00bb][vc_single_image image=\u00a0\u00bb1410&Prime; img_size=\u00a0\u00bbfull\u00a0\u00bb][\/vc_column_inner][vc_column_inner width=\u00a0\u00bb1\/2&Prime;][vc_column_text css=\u00a0\u00bb.vc_custom_1550761362217{margin-bottom: 0px !important;padding-top: 30px !important;padding-right: 10px !important;padding-bottom: 30px !important;padding-left: 20px !important;}\u00a0\u00bb]\n<h4>Des conceptions personnalis\u00e9es<\/h4>\n<p>Les capacit\u00e9s de Hermasa ne se r\u00e9duisent pas uniquement \u00e0 la conception et \u00e0 l\u2019installation de lignes compl\u00e8tes de traitement mais il s\u2019agit \u00e9galement de personnaliser les machines elles-m\u00eames en vue de r\u00e9aliser les processus sp\u00e9ciaux qui sont n\u00e9cessaires pour nos clients. Il s\u2019agit de dessiner un costume sur mesure pour chaque client, et chaque produit.<\/p>\n<p>&nbsp;<\/p>\n<h4>Entretien des \u00e9quipements<\/h4>\n<p>Nous vous accompagnons bien \u00e9videmment pendant toute la dur\u00e9e de vie de la machine, avec le service et la maintenance.[\/vc_column_text][vc_btn title=\u00a0\u00bbContactez-nous\u00a0\u00bb style=\u00a0\u00bbcustom\u00a0\u00bb custom_background=\u00a0\u00bb#ff3f00&Prime; custom_text=\u00a0\u00bb#ffffff\u00a0\u00bb shape=\u00a0\u00bbround\u00a0\u00bb align=\u00a0\u00bbleft\u00a0\u00bb i_align=\u00a0\u00bbright\u00a0\u00bb i_icon_fontawesome=\u00a0\u00bbfa fa-angle-right\u00a0\u00bb add_icon=\u00a0\u00bbtrue\u00a0\u00bb link=\u00a0\u00bburl:http%3A%2F%2Fhermasa.com%2Fcontacto%2F|||\u00a0\u00bb css=\u00a0\u00bb.vc_custom_1550761377106{margin-left: 15px !important;}\u00a0\u00bb][\/vc_column_inner][\/vc_row_inner][\/vc_column][\/vc_row][vc_row fullwidth=\u00a0\u00bbtrue\u00a0\u00bb fullwidth_content=\u00a0\u00bbfalse\u00a0\u00bb equal_columns=\u00a0\u00bbtrue\u00a0\u00bb][vc_column width=\u00a0\u00bb1\/3&Prime; css=\u00a0\u00bb.vc_custom_1641896164840{padding-top: 30px !important;padding-bottom: 30px !important;}\u00a0\u00bb][vc_single_image image=\u00a0\u00bb4106&Prime; img_size=\u00a0\u00bb\u00a0\u00bb el_class=\u00a0\u00bbprocesado-sardina\u00a0\u00bb css=\u00a0\u00bb.vc_custom_1641896713349{margin-bottom: 10px !important;}\u00a0\u00bb][vc_column_text css=\u00a0\u00bb.vc_custom_1643359939507{margin-bottom: 0px !important;}\u00a0\u00bb]\n<h5 class=\"tg-item-title tg-element-1\"><a href=\"https:\/\/hermasa.com\/fr\/processus-de-sardine\/\" target=\"_self\" rel=\"noopener noreferrer\">Processus de sardine<\/a><\/h5>\n[\/vc_column_text][vc_column_text css=\u00a0\u00bb.vc_custom_1643359948941{margin-bottom: 0px !important;}\u00a0\u00bb]<a href=\"https:\/\/hermasa.com\/fr\/processus-de-sardine\/\" target=\"_self\" rel=\"noopener noreferrer\">Machines d\u2019embo\u00eetage automatique, cusieurs automatiques, cuiseurs continu\u2026<\/a>[\/vc_column_text][mk_button dimension=\u00a0\u00bbflat\u00a0\u00bb size=\u00a0\u00bbmedium\u00a0\u00bb url=\u00a0\u00bbhttps:\/\/hermasa.com\/fr\/processus-de-sardine\/\u00a0\u00bb id=\u00a0\u00bbboton-productos-home\u00a0\u00bb bg_color=\u00a0\u00bb#ff712b\u00a0\u00bb btn_hover_bg=\u00a0\u00bb#ff5400&Prime;]Voir les machines[\/mk_button][\/vc_column][vc_column width=\u00a0\u00bb1\/3&Prime; css=\u00a0\u00bb.vc_custom_1641896175418{padding-top: 30px !important;padding-bottom: 30px !important;}\u00a0\u00bb][vc_single_image image=\u00a0\u00bb4103&Prime; img_size=\u00a0\u00bb\u00a0\u00bb el_class=\u00a0\u00bbprocesado-atun\u00a0\u00bb css=\u00a0\u00bb.vc_custom_1641896724132{margin-bottom: 10px !important;}\u00a0\u00bb][vc_column_text css=\u00a0\u00bb.vc_custom_1643360009935{margin-bottom: 0px !important;}\u00a0\u00bb]\n<h5 class=\"tg-item-title tg-element-1\"><a href=\"https:\/\/hermasa.com\/fr\/processus-de-thon\/\" target=\"_self\" rel=\"noopener noreferrer\">Processus de thon<\/a><\/h5>\n[\/vc_column_text][vc_column_text css=\u00a0\u00bb.vc_custom_1643360020255{margin-bottom: 0px !important;}\u00a0\u00bb]<a href=\"https:\/\/hermasa.com\/fr\/processus-de-thon\/\" target=\"_self\" rel=\"noopener noreferrer\">Cuiseurs, empaqueteuses, machines \u00e0 former des blocs\u2026<\/a>[\/vc_column_text][mk_button dimension=\u00a0\u00bbflat\u00a0\u00bb size=\u00a0\u00bbmedium\u00a0\u00bb url=\u00a0\u00bbhttps:\/\/hermasa.com\/fr\/processus-de-thon\/\u00a0\u00bb id=\u00a0\u00bbboton-productos-home\u00a0\u00bb bg_color=\u00a0\u00bb#ff712b\u00a0\u00bb btn_hover_bg=\u00a0\u00bb#ff5400&Prime;]Voir les machines[\/mk_button][\/vc_column][vc_column width=\u00a0\u00bb1\/3&Prime; css=\u00a0\u00bb.vc_custom_1641896183795{padding-top: 30px !important;padding-bottom: 30px !important;}\u00a0\u00bb][vc_single_image image=\u00a0\u00bb4100&Prime; img_size=\u00a0\u00bb\u00a0\u00bb el_class=\u00a0\u00bblinea-completa\u00a0\u00bb css=\u00a0\u00bb.vc_custom_1641896734545{margin-bottom: 10px !important;}\u00a0\u00bb][vc_column_text css=\u00a0\u00bb.vc_custom_1643360076989{margin-bottom: 0px !important;}\u00a0\u00bb]\n<h5 class=\"tg-item-title tg-element-1\"><a href=\"https:\/\/hermasa.com\/fr\/lignes-de-traitement-completes\/\" target=\"_self\" rel=\"noopener noreferrer\">Lignes de traitement compl\u00e8tes<\/a><\/h5>\n[\/vc_column_text][vc_column_text css=\u00a0\u00bb.vc_custom_1643360088465{margin-bottom: 0px !important;}\u00a0\u00bb]<a href=\"https:\/\/hermasa.com\/fr\/lignes-de-traitement-completes\/\" target=\"_self\" rel=\"noopener noreferrer\">Lignes automatiques et semi-automatiques de thon\/maquereau et sardine\u2026<\/a>[\/vc_column_text][mk_button dimension=\u00a0\u00bbflat\u00a0\u00bb size=\u00a0\u00bbmedium\u00a0\u00bb url=\u00a0\u00bbhttps:\/\/hermasa.com\/fr\/lignes-de-traitement-completes\/\u00a0\u00bb id=\u00a0\u00bbboton-productos-home\u00a0\u00bb bg_color=\u00a0\u00bb#ff712b\u00a0\u00bb btn_hover_bg=\u00a0\u00bb#ff5400&Prime;]Voir les machines[\/mk_button][\/vc_column][\/vc_row]\n<\/div>","protected":false},"excerpt":{"rendered":"<p>[vc_row fullwidth=\u00a0\u00bbtrue\u00a0\u00bb fullwidth_content=\u00a0\u00bbfalse\u00a0\u00bb css=\u00a0\u00bb.vc_custom_1556903431720{padding-right: 15% !important;padding-bottom: 40% !important;padding-left: 15% !important;background-image: url(https:\/\/hermasa.com\/wp-content\/uploads\/2018\/07\/servicios-tecnolgicos_hermasa.jpg?id=1402) !important;background-position: center !important;background-repeat: no-repeat !important;background-size: contain !important;}\u00a0\u00bb][vc_column offset=\u00a0\u00bbvc_col-lg-6 vc_col-md-9 vc_col-xs-12&Prime; css=\u00a0\u00bb.vc_custom_1579798069188{padding-top: 5% !important;}\u00a0\u00bb][vc_separator color=\u00a0\u00bbcustom\u00a0\u00bb align=\u00a0\u00bbalign_left\u00a0\u00bb border_width=\u00a0\u00bb2&Prime; el_width=\u00a0\u00bb10&Prime; accent_color=\u00a0\u00bb#f28100&Prime;][vc_column_text css=\u00a0\u00bb.vc_custom_1550762312179{padding-bottom: 7% !important;}\u00a0\u00bb] Services technologiques [\/vc_column_text][\/vc_column][\/vc_row][vc_row fullwidth=\u00a0\u00bbtrue\u00a0\u00bb fullwidth_content=\u00a0\u00bbfalse\u00a0\u00bb css=\u00a0\u00bb.vc_custom_1530870009534{padding-top: 30px !important;padding-bottom: 73px !important;}\u00a0\u00bb][vc_column offset=\u00a0\u00bbvc_col-lg-offset-1 vc_col-lg-10 vc_col-xs-offset-1&Prime; css=\u00a0\u00bb.vc_custom_1530030965581{padding-right: 2% !important;padding-left: 2% !important;}\u00a0\u00bb][vc_column_text css=\u00a0\u00bb.vc_custom_1550761253371{margin-bottom: 0px !important;}\u00a0\u00bb] La culture [&hellip;]<\/p>\n","protected":false},"author":1,"featured_media":0,"parent":0,"menu_order":0,"comment_status":"closed","ping_status":"closed","template":"","meta":{"footnotes":""},"class_list":["post-2326","page","type-page","status-publish","hentry"],"_links":{"self":[{"href":"https:\/\/hermasa.com\/fr\/wp-json\/wp\/v2\/pages\/2326","targetHints":{"allow":["GET"]}}],"collection":[{"href":"https:\/\/hermasa.com\/fr\/wp-json\/wp\/v2\/pages"}],"about":[{"href":"https:\/\/hermasa.com\/fr\/wp-json\/wp\/v2\/types\/page"}],"author":[{"embeddable":true,"href":"https:\/\/hermasa.com\/fr\/wp-json\/wp\/v2\/users\/1"}],"replies":[{"embeddable":true,"href":"https:\/\/hermasa.com\/fr\/wp-json\/wp\/v2\/comments?post=2326"}],"version-history":[{"count":3,"href":"https:\/\/hermasa.com\/fr\/wp-json\/wp\/v2\/pages\/2326\/revisions"}],"predecessor-version":[{"id":5408,"href":"https:\/\/hermasa.com\/fr\/wp-json\/wp\/v2\/pages\/2326\/revisions\/5408"}],"wp:attachment":[{"href":"https:\/\/hermasa.com\/fr\/wp-json\/wp\/v2\/media?parent=2326"}],"curies":[{"name":"wp","href":"https:\/\/api.w.org\/{rel}","templated":true}]}}