{"id":2268,"date":"2016-05-10T03:48:21","date_gmt":"2016-05-10T01:48:21","guid":{"rendered":"http:\/\/hermasa.com\/home\/"},"modified":"2025-02-20T11:44:53","modified_gmt":"2025-02-20T09:44:53","slug":"home-2-2","status":"publish","type":"page","link":"https:\/\/hermasa.com\/fr\/","title":{"rendered":"Inicio"},"content":{"rendered":"<div class=\"wpb-content-wrapper\">[vc_row fullwidth=\u00a0\u00bbtrue\u00a0\u00bb][vc_column][mk_edge_slider first_el=\u00a0\u00bbtrue\u00a0\u00bb parallax=\u00a0\u00bbtrue\u00a0\u00bb animation_effect=\u00a0\u00bbfade\u00a0\u00bb direction_nav=\u00a0\u00bbnone\u00a0\u00bb pagination=\u00a0\u00bbnone\u00a0\u00bb slides=\u00a0\u00bb3668&Prime;][\/vc_column][\/vc_row][vc_row fullwidth=\u00a0\u00bbtrue\u00a0\u00bb fullwidth_content=\u00a0\u00bbfalse\u00a0\u00bb disable_element=\u00a0\u00bbyes\u00a0\u00bb css=\u00a0\u00bb.vc_custom_1593513091611{padding-top: 30px !important;padding-bottom: 20px !important;background-color: #004268 !important;}\u00a0\u00bb][vc_column][vc_column_text css=\u00a0\u00bb.vc_custom_1621618717963{margin-bottom: 0px !important;}\u00a0\u00bb]\n<h4 style=\"text-align: center;\"><span style=\"color: #ffffff;\">Convocatoria de la Junta General Ordinaria de Accionistas<\/span><\/h4>\n<p style=\"text-align: center;\"><span style=\"color: #ffffff;\">El \u00f3rgano de administraci\u00f3n de Hermasa convoca a los accionistas a la Junta General Ordinaria el pr\u00f3ximo 24 de junio en la sede de la empresa en Vigo.<\/span><\/p>\n[\/vc_column_text][vc_btn title=\u00a0\u00bbDescargar convocatoria\u00a0\u00bb style=\u00a0\u00bbflat\u00a0\u00bb color=\u00a0\u00bbwhite\u00a0\u00bb align=\u00a0\u00bbcenter\u00a0\u00bb i_icon_fontawesome=\u00a0\u00bbfa fa-download\u00a0\u00bb add_icon=\u00a0\u00bbtrue\u00a0\u00bb link=\u00a0\u00bburl:https%3A%2F%2Fhermasa.com%2Fwp-content%2Fuploads%2F2021%2F05%2Fconvocatoria-junta-ordinaria-de-accionistas-2021.pdf||target:%20_blank|\u00a0\u00bb][\/vc_column][\/vc_row][vc_row][vc_column][vc_column_text][\/vc_column_text][\/vc_column][\/vc_row][vc_row fullwidth=\u00a0\u00bbtrue\u00a0\u00bb fullwidth_content=\u00a0\u00bbfalse\u00a0\u00bb disable_element=\u00a0\u00bbyes\u00a0\u00bb css=\u00a0\u00bb.vc_custom_1721641669592{padding-top: 30px !important;background-color: #f7f7f7 !important;}\u00a0\u00bb][vc_column][vc_separator color=\u00a0\u00bbcustom\u00a0\u00bb el_width=\u00a0\u00bb10&Prime; css=\u00a0\u00bb.vc_custom_1685375051197{padding-bottom: 10px !important;}\u00a0\u00bb accent_color=\u00a0\u00bb#ffffff\u00a0\u00bb][vc_column_text css=\u00a0\u00bb.vc_custom_1685375038101{margin-bottom: 0px !important;}\u00a0\u00bb]\n<h5 style=\"text-align: center;\"><b><span style=\"color: #333333;\">Convocation \u00e0 l&rsquo;assembl\u00e9e g\u00e9n\u00e9rale ordinaire et extraordinaire des actionnaires de Hermasa Canning Technology<\/span><\/b><\/h5>\n[\/vc_column_text][vc_column_text css=\u00a0\u00bb.vc_custom_1716833749730{margin-bottom: 0px !important;padding-top: 4px !important;}\u00a0\u00bb]\n<p style=\"text-align: center;\"><a href=\"https:\/\/hermasa.com\/wp-content\/uploads\/2024\/05\/convocatoria-de-junta-general-ordinaria-2024.pdf\">Poursuivre la lecture<\/a><\/p>\n[\/vc_column_text][vc_column_text css=\u00a0\u00bb.vc_custom_1716833733495{margin-bottom: 0px !important;}\u00a0\u00bb]\n<div>\n<div class=\"v1WordSection1\">\n<div style=\"text-align: center;\"><span class=\"v1Apple-converted-space\">Tous les actionnaires sont inform\u00e9s par la pr\u00e9sente que l&rsquo;avis de convocation original a \u00e9t\u00e9 d\u00fbment sign\u00e9 par le repr\u00e9sentant individuel de l&rsquo;administrateur unique de HERMASA CANNING TECHNOLOGY, S.A. \u00e0 la date de publication de cet avis, le 27 mai 2024. Si vous avez besoin d&rsquo;une copie de la lettre originale sign\u00e9e, vous pouvez la demander \u00e0 l&rsquo;adresse \u00e9lectronique suivante: <\/span><a href=\"mailto:secretaria@hermasa.com\" rel=\"noreferrer\">secretaria@hermasa.com<\/a><\/div>\n<\/div>\n<\/div>\n[\/vc_column_text][vc_separator color=\u00a0\u00bbcustom\u00a0\u00bb border_width=\u00a0\u00bb2&Prime; el_width=\u00a0\u00bb10&Prime; css=\u00a0\u00bb.vc_custom_1653129107290{padding-bottom: 10px !important;}\u00a0\u00bb accent_color=\u00a0\u00bb#ee5200&Prime;][\/vc_column][\/vc_row][vc_row fullwidth=\u00a0\u00bbtrue\u00a0\u00bb fullwidth_content=\u00a0\u00bbfalse\u00a0\u00bb disable_element=\u00a0\u00bbyes\u00a0\u00bb css=\u00a0\u00bb.vc_custom_1673355790601{padding-top: 30px !important;background-color: #ffffff !important;}\u00a0\u00bb][vc_column][vc_single_image image=\u00a0\u00bb5912&Prime; img_size=\u00a0\u00bb575&#215;136&Prime; alignment=\u00a0\u00bbcenter\u00a0\u00bb onclick=\u00a0\u00bbcustom_link\u00a0\u00bb link=\u00a0\u00bbhttps:\/\/www.salonhalieutis.com\/\u00a0\u00bb][vc_separator color=\u00a0\u00bbcustom\u00a0\u00bb border_width=\u00a0\u00bb2&Prime; el_width=\u00a0\u00bb10&Prime; css=\u00a0\u00bb.vc_custom_1653129107290{padding-bottom: 10px !important;}\u00a0\u00bb accent_color=\u00a0\u00bb#ee5200&Prime;][\/vc_column][\/vc_row][vc_row fullwidth=\u00a0\u00bbtrue\u00a0\u00bb fullwidth_content=\u00a0\u00bbfalse\u00a0\u00bb css=\u00a0\u00bb.vc_custom_1530030971569{padding-bottom: 73px !important;background-color: #f7f7f7 !important;}\u00a0\u00bb][vc_column width=\u00a0\u00bb5\/6&Prime; offset=\u00a0\u00bbvc_col-lg-offset-1 vc_col-lg-10 vc_col-md-10 vc_col-sm-offset-1 vc_col-xs-offset-1&Prime; css=\u00a0\u00bb.vc_custom_1540997566610{padding-right: 2% !important;padding-left: 2% !important;}\u00a0\u00bb][vc_column_text css=\u00a0\u00bb.vc_custom_1550767405583{margin-bottom: 0px !important;}\u00a0\u00bb]\n<h3 style=\"text-align: center;\">La technologie de la conserverie,<br \/>\no\u00f9 que vous vous trouviez sur la plan\u00e8te<\/h3>\n[\/vc_column_text][vc_column_text css=\u00a0\u00bb.vc_custom_1550767422680{margin-bottom: 0px !important;padding-top: 35px !important;}\u00a0\u00bb]\n<h5 style=\"text-align: left;\">Si une personne, o\u00f9 qu\u2019elle se trouve, est confront\u00e9e \u00e0 un probl\u00e8me, nous r\u00e9alisons la conception et nous fabriquons la meilleure solution. Nos \u00e9quipements d\u2019avant-garde, des machines presque parfaites, sont la preuve du chemin que peut parcourir l\u2019\u00eatre humain lorsqu\u2019il s\u2019appuie sur la recherche continue. Hermasa est une marque internationale qui g\u00e8re ses activit\u00e9s \u00e0 partir de son centre technologique situ\u00e9 dans la ville espagnole de Vigo, pr\u00e8s du port de p\u00eache le plus important d\u2019Europe. Afin de garantir des niveaux de qualit\u00e9 in\u00e9galables, Hermasa dispose d\u2019un centre de production au sein m\u00eame de son centre technologique, o\u00f9 les ing\u00e9nieurs en design et les techniciens de production travaillent main dans la main et \u00e9changent leur exp\u00e9rience ; ils constituent une \u00e9quipe dot\u00e9e de vingt ans d\u2019exp\u00e9rience en moyenne et qui travaille pour une m\u00eame entreprise.<\/h5>\n[\/vc_column_text][\/vc_column][\/vc_row][vc_row fullwidth=\u00a0\u00bbtrue\u00a0\u00bb fullwidth_content=\u00a0\u00bbfalse\u00a0\u00bb][vc_column offset=\u00a0\u00bbvc_col-lg-offset-0 vc_col-lg-12&Prime; css=\u00a0\u00bb.vc_custom_1530030626729{padding-right: 2% !important;padding-left: 2% !important;}\u00a0\u00bb][vc_separator color=\u00a0\u00bbcustom\u00a0\u00bb border_width=\u00a0\u00bb2&Prime; el_width=\u00a0\u00bb10&Prime; css=\u00a0\u00bb.vc_custom_1530030861631{padding-top: 70px !important;padding-bottom: 10px !important;}\u00a0\u00bb accent_color=\u00a0\u00bb#ee5200&Prime;][vc_column_text css=\u00a0\u00bb.vc_custom_1550767439004{margin-bottom: 0px !important;}\u00a0\u00bb]\n<h3 style=\"text-align: center;\">Nos machines<\/h3>\n[\/vc_column_text][\/vc_column][\/vc_row][vc_row css=\u00a0\u00bb.vc_custom_1530636413731{margin-bottom: 50px !important;}\u00a0\u00bb][vc_column width=\u00a0\u00bb5\/6&Prime; offset=\u00a0\u00bbvc_col-md-offset-1 vc_col-md-10 vc_col-sm-offset-10 vc_col-xs-offset-10&Prime;][mk_revslider id=\u00a0\u00bbproductos-home-frances\u00a0\u00bb][\/vc_column][\/vc_row][vc_row equal_columns=\u00a0\u00bbtrue\u00a0\u00bb css=\u00a0\u00bb.vc_custom_1731924787597{margin-bottom: 50px !important;background-color: #FFFFFF !important;border-color: #FFFFFF !important;}\u00a0\u00bb][vc_column]<!-- The Grid Plugin Version 2.8.0 --><!-- The Grid Wrapper Start --><div class=\"tg-grid-wrapper tg-txt\" id=\"grid-2356\" data-version=\"2.8.0\"><!-- The Grid Fonts --><link href=\"\/\/fonts.googleapis.com\/css?family=Titillium+Web%3A400\" rel=\"stylesheet\" property=\"stylesheet\" type=\"text\/css\" media=\"all\"><!-- The Grid Styles --><style class=\"tg-grid-styles\" type=\"text\/css\">#grid-2356{margin-top:-10px}#grid-2356 .tg-nav-color:not(.dots):not(.tg-dropdown-value):not(.tg-dropdown-title):hover,#grid-2356 .tg-nav-color:hover .tg-nav-color,#grid-2356 .tg-page-number.tg-page-current,#grid-2356 .tg-filter.tg-filter-active span{color:#ff6863}#grid-2356 .tg-filter:before,#grid-2356 .tg-filter.tg-filter-active:before{color:#999999}#grid-2356 .tg-dropdown-holder,#grid-2356 .tg-search-inner,#grid-2356 .tg-sorter-order{border:1px solid #DDDDDD}#grid-2356 .tg-search-clear,#grid-2356 .tg-search-clear:hover{border:none;border-left:1px solid #DDDDDD}.tg-txt .tg-nav-font,.tg-txt input[type=text].tg-search{font-size:14px;font-weight:600}.tg-txt .tg-search::-webkit-input-placeholder{font-size:14px}.tg-txt .tg-search::-moz-placeholder{font-size:14px}.tg-txt .tg-search:-ms-input-placeholder{font-size:14px}.tg-txt .tg-icon-left-arrow:before{content:\"\\e604\";font-size:32px;font-weight:100}.tg-txt .tg-icon-right-arrow:before{content:\"\\e602\";font-size:32px;font-weight:100}.tg-txt .tg-icon-dropdown-open:before,.tg-txt .tg-icon-sorter-down:before{content:\"\\e60a\"}.tg-txt .tg-icon-sorter-up:before{content:\"\\e609\"}.tg-txt .tg-search-clear:before{content:\"\\e611\";font-weight:300}.tg-txt .tg-search-icon:before{content:\"\\e62e\";font-size:16px;font-weight:600}#grid-2356 .tg-nav-color,#grid-2356 .tg-search-icon:hover:before,#grid-2356 .tg-search-icon:hover input,#grid-2356 .tg-disabled:hover .tg-icon-left-arrow,#grid-2356 .tg-disabled:hover .tg-icon-right-arrow,#grid-2356 .tg-dropdown-title.tg-nav-color:hover{color:#999999}#grid-2356 input.tg-search:hover{color:#999999 !important}#grid-2356 input.tg-search::-webkit-input-placeholder{color:#999999}#grid-2356 input.tg-search::-moz-placeholder{color:#999999;opacity:1}#grid-2356 input.tg-search:-ms-input-placeholder{color:#999999}.grid-2356 .tg-dropdown-item{color:#777777;background:#ffffff}.grid-2356 .tg-filter-active,.grid-2356 .tg-dropdown-item:hover{color:#444444;background:#f5f6fa}#grid-2356 .tg-slider-bullets li.tg-active-item span{background:#59585b}#grid-2356 .tg-slider-bullets li span{background:#DDDDDD}.tg-my-skin a:not([class*=\"tg-element-\"]),.tg-my-skin a:not([class*=\"tg-element-\"]):active,.tg-my-skin a:not([class*=\"tg-element-\"]):focus,.tg-my-skin [class*=\"tg-element-\"] *:not(del){margin:0;padding:0;color:inherit !important;text-align:inherit;font-size:inherit;font-style:inherit;line-height:inherit;font-weight:inherit;text-transform:inherit;text-decoration:inherit;-webkit-box-shadow:none;box-shadow:none;border:none}.tg-my-skin [class*=\"tg-element-\"],.tg-my-skin .tg-item-overlay,.tg-my-skin .tg-center-holder,.tg-my-skin .tg-center-inner > *{vertical-align:middle}.tg-my-skin .tg-item-content-holder[data-position=\"bottom\"]{background-color:rgba(0,0,0,0.01) !important;position:relative;min-height:1px;display:block}.tg-my-skin .tg-element-1{position:relative;font-size:24px;line-height:32px;color:#404040;font-weight:400;font-family:Titillium Web;display:block;margin:0;padding:8px 0;-webkit-transition:all 200ms ease-in-out;-moz-transition:all 200ms ease-in-out;-ms-transition:all 200ms ease-in-out;transition:all 200ms ease-in-out}.tg-my-skin .tg-element-1:hover{color:#f96c39;opacity:1 !important}.tg-my-skin .tg-element-2{position:relative;font-size:18px;line-height:1.3em;font-weight:400;text-align:left;display:inline-block;width:100%;min-width:100%;padding:8px 20px 20px 0;-webkit-transition:all 340ms ease;-moz-transition:all 340ms ease;-ms-transition:all 340ms ease;transition:all 340ms ease}.tg-my-skin .tg-element-2:hover{opacity:1 !important}.tg-my-skin .tg-element-3{position:relative;font-size:15px;line-height:20px;font-weight:600;text-align:left;display:inline-block;width:100%;min-width:100%;padding:0 0 20px;-webkit-transition:all 210ms ease-in-out;-moz-transition:all 210ms ease-in-out;-ms-transition:all 210ms ease-in-out;transition:all 210ms ease-in-out}.tg-my-skin .tg-element-3:hover{color:#f96c39 !important;opacity:1 !important}.tg-item .tg-dark div,.tg-item .tg-dark h1,.tg-item .tg-dark h1 a,.tg-item .tg-dark h2,.tg-item .tg-dark h2 a,.tg-item .tg-dark h3,.tg-item .tg-dark h3 a,.tg-item .tg-dark h4,.tg-item .tg-dark h4 a,.tg-item .tg-dark h5,.tg-item .tg-dark h5 a,.tg-item .tg-dark h6,.tg-item .tg-dark h6 a,.tg-item .tg-dark a,.tg-item .tg-dark a.tg-link-url,.tg-item .tg-dark i,.tg-item .tg-dark .tg-media-button,.tg-item .tg-dark .tg-item-price span{color:#444444;fill:#444444;stroke:#444444;border-color:#444444}.tg-item .tg-dark p,.tg-item .tg-dark ol,.tg-item .tg-dark ul,.tg-item .tg-dark li{color:#777777;fill:#777777;stroke:#777777;border-color:#777777}.tg-item .tg-dark span,.tg-item .tg-dark .no-liked .to-heart-icon path,.tg-item .tg-dark .empty-heart .to-heart-icon path,.tg-item .tg-dark .tg-item-comment i,.tg-item .tg-dark .tg-item-price del span{color:#999999;fill:#999999;stroke:#999999;border-color:#999999}.tg-item .tg-light div,.tg-item .tg-light h1,.tg-item .tg-light h1 a,.tg-item .tg-light h2,.tg-item .tg-light h2 a,.tg-item .tg-light h3,.tg-item .tg-light h3 a,.tg-item .tg-light h4,.tg-item .tg-light h4 a,.tg-item .tg-light h5,.tg-item .tg-light h5 a,.tg-item .tg-light h6,.tg-item .tg-light h6 a,.tg-item .tg-light a,.tg-item .tg-light a.tg-link-url,.tg-item .tg-light i,.tg-item .tg-light .tg-media-button,.tg-item .tg-light .tg-item-price span{color:#ffffff;fill:#ffffff;stroke:#ffffff;border-color:#ffffff}.tg-item .tg-light p,.tg-item .tg-light ol,.tg-item .tg-light ul,.tg-item .tg-light li{color:#f6f6f6;fill:#f6f6f6;stroke:#f6f6f6;border-color:#f6f6f6}.tg-item .tg-light span,.tg-item .tg-light .no-liked .to-heart-icon path,.tg-item .tg-light .empty-heart .to-heart-icon path,.tg-item .tg-light .tg-item-comment i,.tg-item .tg-light .tg-item-price del span{color:#f5f5f5;fill:#f5f5f5;stroke:#f5f5f5;border-color:#f5f5f5}#grid-2356 .tg-item-content-holder{background-color:#ffffff}#grid-2356 .tg-item-overlay{background-color:rgba(22,22,22,0.65)}<\/style><!-- The Grid Item Sizer --><div class=\"tg-grid-sizer\"><\/div><!-- The Grid Gutter Sizer --><div class=\"tg-gutter-sizer\"><\/div><!-- The Grid Items Holder --><div class=\"tg-grid-holder tg-layout-masonry\"  data-name=\"enlaces-lineas-fr\"  data-style=\"masonry\" data-row=\"1\" data-layout=\"vertical\" data-rtl=\"\" data-fitrows=\"1\" data-filtercomb=\"\" data-filterlogic=\"AND\" data-filterload =\"\" data-sortbyload =\"\" data-orderload =\"false\" data-fullwidth=\"\" data-fullheight=\"null\" data-gutters=\"[[320,20],[480,20],[768,20],[980,20],[1200,20],[9999,20]]\" data-slider='{\"itemNav\":\"null\",\"swingSpeed\":0.1,\"cycleBy\":\"null\",\"cycle\":5000,\"startAt\":1}' data-ratio=\"1.50\" data-cols=\"[[320,1],[480,3],[768,3],[980,3],[1200,3],[9999,3]]\" data-rows=\"[[320,200],[480,200],[768,220],[980,220],[1200,240],[9999,240]]\" data-animation='{&quot;name&quot;:&quot;Fade in&quot;,&quot;visible&quot;:&quot;&quot;,&quot;hidden&quot;:&quot;&quot;}' data-transition=\"700ms\" data-ajaxmethod=\"load_more\" data-ajaxdelay=\"100\" data-preloader=\"\" data-itemdelay=\"100\" data-gallery=\"\" data-ajax=\"\"><!-- The Grid item #1 --><article class=\"tg-item tg-post-2353 tg-my-skin f45\" data-row=\"1\" data-col=\"1\"><div class=\"tg-item-inner\"><div class=\"tg-item-media-holder tg-light\"><div class=\"tg-item-media-inner\"><img decoding=\"async\" class=\"tg-item-image\" alt=\"\" width=\"600\" height=\"400\" src=\"https:\/\/hermasa.com\/wp-content\/uploads\/2018\/09\/cabecera-sardinas-a01-hermasa.png\"><\/div><div class=\"tg-item-media-content \"><\/div><\/div><div class=\"tg-item-content-holder tg-dark image-format\" data-position=\"bottom\"><h5 class=\"tg-item-title tg-element-1\"><a target=\"_self\" href=\"https:\/\/hermasa.com\/fr\/processus-de-sardine\/\">Processus de sardine<\/a><\/h5><p class=\"tg-item-meta-data tg-element-2\"><a target=\"_self\" href=\"https:\/\/hermasa.com\/fr\/processus-de-sardine\/\">Machines d\u2019embo\u00eetage automatique, cusieurs automatiques, cuiseurs continu\u2026<\/a><\/p><span class=\"tg-item-meta-data tg-element-3\"><a target=\"_self\" href=\"https:\/\/hermasa.com\/fr\/processus-de-sardine\/\">En savoir plus &rarr;<\/a><\/span><div class=\"tg-item-clear\"><\/div><\/div><\/div><\/article><!-- The Grid item #2 --><article class=\"tg-item tg-post-2350 tg-my-skin f45\" data-row=\"1\" data-col=\"1\"><div class=\"tg-item-inner\"><div class=\"tg-item-media-holder tg-light\"><div class=\"tg-item-media-inner\"><img decoding=\"async\" class=\"tg-item-image\" alt=\"\" width=\"600\" height=\"400\" src=\"https:\/\/hermasa.com\/wp-content\/uploads\/2018\/09\/cabecera-atun-a01-hermasa.png\"><\/div><div class=\"tg-item-media-content \"><\/div><\/div><div class=\"tg-item-content-holder tg-dark image-format\" data-position=\"bottom\"><h5 class=\"tg-item-title tg-element-1\"><a target=\"_self\" href=\"https:\/\/hermasa.com\/fr\/processus-de-thon\/\">Processus de thon<\/a><\/h5><p class=\"tg-item-meta-data tg-element-2\"><a target=\"_self\" href=\"https:\/\/hermasa.com\/fr\/processus-de-thon\/\">Cuiseurs, empaqueteuses, machines \u00e0 former des blocs\u2026<\/a><\/p><span class=\"tg-item-meta-data tg-element-3\"><a target=\"_self\" href=\"https:\/\/hermasa.com\/fr\/processus-de-thon\/\">En savoir plus &rarr;<\/a><\/span><div class=\"tg-item-clear\"><\/div><\/div><\/div><\/article><!-- The Grid item #3 --><article class=\"tg-item tg-post-2341 tg-my-skin f45\" data-row=\"1\" data-col=\"1\"><div class=\"tg-item-inner\"><div class=\"tg-item-media-holder tg-light\"><div class=\"tg-item-media-inner\"><img decoding=\"async\" class=\"tg-item-image\" alt=\"\" width=\"600\" height=\"400\" src=\"https:\/\/hermasa.com\/wp-content\/uploads\/2018\/09\/cabecera-lineas-a01-hermasa.jpg\"><\/div><div class=\"tg-item-media-content \"><\/div><\/div><div class=\"tg-item-content-holder tg-dark image-format\" data-position=\"bottom\"><h5 class=\"tg-item-title tg-element-1\"><a target=\"_self\" href=\"https:\/\/hermasa.com\/fr\/lignes-de-traitement-completes\/\">Lignes de traitement compl\u00e8tes<\/a><\/h5><p class=\"tg-item-meta-data tg-element-2\"><a target=\"_self\" href=\"https:\/\/hermasa.com\/fr\/lignes-de-traitement-completes\/\">Lignes automatiques et semi-automatiques de thon\/maquereau et sardine\u2026<\/a><\/p><span class=\"tg-item-meta-data tg-element-3\"><a target=\"_self\" href=\"https:\/\/hermasa.com\/fr\/lignes-de-traitement-completes\/\">En savoir plus &rarr;<\/a><\/span><div class=\"tg-item-clear\"><\/div><\/div><\/div><\/article><\/div><\/div><!-- The Grid Wrapper End -->[\/vc_column][\/vc_row][vc_row fullwidth=\u00a0\u00bbtrue\u00a0\u00bb fullwidth_content=\u00a0\u00bbfalse\u00a0\u00bb parallax=\u00a0\u00bbcontent-moving\u00a0\u00bb parallax_image=\u00a0\u00bb6503&Prime; css=\u00a0\u00bb.vc_custom_1731924934003{padding-top: 20% !important;padding-bottom: 20% !important;}\u00a0\u00bb][vc_column offset=\u00a0\u00bbvc_col-lg-offset-1 vc_col-lg-6 vc_col-md-offset-1 vc_col-md-9 vc_col-sm-offset-1 vc_col-xs-offset-1 vc_col-xs-11&Prime;][vc_separator color=\u00a0\u00bbwhite\u00a0\u00bb align=\u00a0\u00bbalign_left\u00a0\u00bb border_width=\u00a0\u00bb2&Prime; el_width=\u00a0\u00bb10&Prime;][vc_column_text css=\u00a0\u00bb.vc_custom_1550767475657{margin-bottom: 0px !important;}\u00a0\u00bb]\n<h4><span style=\"color: #ffffff;\">L\u2019environnement naturel, \u00e9conomique et scientifique dans lequel est n\u00e9e Hermasa a fait de la soci\u00e9t\u00e9 une r\u00e9f\u00e9rence mondiale dans le secteur<\/span><\/h4>\n[\/vc_column_text][vc_column_text css=\u00a0\u00bb.vc_custom_1550767503433{padding-top: 7% !important;padding-bottom: 7% !important;}\u00a0\u00bb]\n<h3><span style=\"color: #ffffff;\">La \u00ab Silicon Valley \u00bb des technologies de la p\u00eache et de la conserve o\u00f9 a \u00e9volu\u00e9 la marque Hermasa<\/span><\/h3>\n[\/vc_column_text][vc_column_text css=\u00a0\u00bb.vc_custom_1550767517507{margin-bottom: 0px !important;}\u00a0\u00bb]<span style=\"color: #ffffff;\">Hermasa n\u2019aurait pu arriver aussi haut qu\u2019\u00e0 Vigo. Notre soci\u00e9t\u00e9 est le r\u00e9sultat d\u2019une qualit\u00e9 d\u2019entrepreneur et technologique mais \u00e9galement d\u2019un environnement nature&#8230;<\/span>[\/vc_column_text][vc_column_text css=\u00a0\u00bb.vc_custom_1550767639808{padding-top: 7% !important;}\u00a0\u00bb]\n<p style=\"text-align: left;\"><a href=\"http:\/\/hermasa.com\/fr\/el-entorno\/\"><span style=\"color: #ffffff;\">En savoir plus \u2192\u00a0<\/span><\/a><\/p>\n[\/vc_column_text][\/vc_column][\/vc_row][vc_row fullwidth=\u00a0\u00bbtrue\u00a0\u00bb fullwidth_content=\u00a0\u00bbfalse\u00a0\u00bb parallax=\u00a0\u00bbcontent-moving\u00a0\u00bb parallax_image=\u00a0\u00bb6507&Prime; css=\u00a0\u00bb.vc_custom_1731924973304{padding-top: 20% !important;padding-bottom: 20% !important;}\u00a0\u00bb][vc_column width=\u00a0\u00bb7\/12&Prime; offset=\u00a0\u00bbvc_col-lg-offset-6 vc_col-lg-6 vc_col-md-offset-2 vc_col-md-9 vc_col-xs-offset-1 vc_col-xs-10&Prime;][vc_separator color=\u00a0\u00bbwhite\u00a0\u00bb align=\u00a0\u00bbalign_left\u00a0\u00bb border_width=\u00a0\u00bb2&Prime; el_width=\u00a0\u00bb10&Prime;][vc_column_text css=\u00a0\u00bb.vc_custom_1551294788297{padding-top: 7% !important;padding-bottom: 7% !important;}\u00a0\u00bb]\n<h3><span style=\"color: #ffffff;\">Hermana n&rsquo;est plus seulement une soci\u00e9t\u00e9 internationale : la marque est maintenant devenue globale<\/span><\/h3>\n[\/vc_column_text][vc_column_text css=\u00a0\u00bb.vc_custom_1551798773688{margin-bottom: 0px !important;}\u00a0\u00bb]<span style=\"color: #ffffff;\">Auparavant, l\u2019internationalisation se limitait \u00e0 l\u2019exportation vers des pays tiers pour Hermasa. Aujourd\u2019hui, le niveau de p\u00e9n\u00e9tration sur les cinq continents est si \u00e9lev\u00e9 que l\u2019on consid\u00e8re \u00e0 pr\u00e9sent le monde comme un march\u00e9 unique. De fait, 95 pourcent des ventes sont destin\u00e9es au march\u00e9 \u00e9tranger&#8230;<\/span>[\/vc_column_text][vc_column_text css=\u00a0\u00bb.vc_custom_1550767650077{padding-top: 7% !important;}\u00a0\u00bb]\n<p style=\"text-align: left;\"><a href=\"https:\/\/hermasa.com\/fr\/une-marque-mondiale\/\"><span style=\"color: #ffffff!important;\">En savoir plus \u2192\u00a0<\/span><\/a><\/p>\n[\/vc_column_text][\/vc_column][\/vc_row][vc_row fullwidth=\u00a0\u00bbtrue\u00a0\u00bb][vc_column][vc_video link=\u00a0\u00bbhttps:\/\/www.youtube.com\/watch?v=HjAVmbHncHc\u00a0\u00bb custom_thumbnail=\u00a0\u00bbtrue\u00a0\u00bb play_icon=\u00a0\u00bbmk-icon-play-circle\u00a0\u00bb play_icon_size=\u00a0\u00bb128&Prime; play_icon_color=\u00a0\u00bb#fc5c00&Prime; thumbnail_image=\u00a0\u00bb6615&Prime;][\/vc_column][\/vc_row][vc_row fullwidth=\u00a0\u00bbtrue\u00a0\u00bb][vc_column][vc_video link=\u00a0\u00bbhttps:\/\/www.youtube.com\/watch?v=nSPm9vEv7jU\u00a0\u00bb custom_thumbnail=\u00a0\u00bbtrue\u00a0\u00bb play_icon=\u00a0\u00bbmk-icon-play-circle\u00a0\u00bb play_icon_size=\u00a0\u00bb128&Prime; play_icon_color=\u00a0\u00bb#fc5c00&Prime; thumbnail_image=\u00a0\u00bb6518&Prime;][\/vc_column][\/vc_row]\n<\/div>","protected":false},"excerpt":{"rendered":"<p>[vc_row fullwidth=\u00a0\u00bbtrue\u00a0\u00bb][vc_column][mk_edge_slider first_el=\u00a0\u00bbtrue\u00a0\u00bb parallax=\u00a0\u00bbtrue\u00a0\u00bb animation_effect=\u00a0\u00bbfade\u00a0\u00bb direction_nav=\u00a0\u00bbnone\u00a0\u00bb pagination=\u00a0\u00bbnone\u00a0\u00bb slides=\u00a0\u00bb3668&Prime;][\/vc_column][\/vc_row][vc_row fullwidth=\u00a0\u00bbtrue\u00a0\u00bb fullwidth_content=\u00a0\u00bbfalse\u00a0\u00bb disable_element=\u00a0\u00bbyes\u00a0\u00bb css=\u00a0\u00bb.vc_custom_1593513091611{padding-top: 30px !important;padding-bottom: 20px !important;background-color: #004268 !important;}\u00a0\u00bb][vc_column][vc_column_text css=\u00a0\u00bb.vc_custom_1621618717963{margin-bottom: 0px !important;}\u00a0\u00bb] Convocatoria de la Junta General Ordinaria de Accionistas El \u00f3rgano de administraci\u00f3n de Hermasa convoca a los accionistas a la Junta General Ordinaria el pr\u00f3ximo 24 de junio en la sede de la empresa [&hellip;]<\/p>\n","protected":false},"author":1,"featured_media":0,"parent":0,"menu_order":0,"comment_status":"closed","ping_status":"open","template":"","meta":{"footnotes":""},"class_list":["post-2268","page","type-page","status-publish","hentry"],"_links":{"self":[{"href":"https:\/\/hermasa.com\/fr\/wp-json\/wp\/v2\/pages\/2268","targetHints":{"allow":["GET"]}}],"collection":[{"href":"https:\/\/hermasa.com\/fr\/wp-json\/wp\/v2\/pages"}],"about":[{"href":"https:\/\/hermasa.com\/fr\/wp-json\/wp\/v2\/types\/page"}],"author":[{"embeddable":true,"href":"https:\/\/hermasa.com\/fr\/wp-json\/wp\/v2\/users\/1"}],"replies":[{"embeddable":true,"href":"https:\/\/hermasa.com\/fr\/wp-json\/wp\/v2\/comments?post=2268"}],"version-history":[{"count":36,"href":"https:\/\/hermasa.com\/fr\/wp-json\/wp\/v2\/pages\/2268\/revisions"}],"predecessor-version":[{"id":6618,"href":"https:\/\/hermasa.com\/fr\/wp-json\/wp\/v2\/pages\/2268\/revisions\/6618"}],"wp:attachment":[{"href":"https:\/\/hermasa.com\/fr\/wp-json\/wp\/v2\/media?parent=2268"}],"curies":[{"name":"wp","href":"https:\/\/api.w.org\/{rel}","templated":true}]}}